{"id":241832,"date":"2023-02-26T07:51:13","date_gmt":"2023-02-26T07:51:13","guid":{"rendered":"https:\/\/depocarsandcoffee.cz\/?page_id=241832"},"modified":"2026-02-24T11:42:44","modified_gmt":"2026-02-24T11:42:44","slug":"nase-sluzby","status":"publish","type":"page","link":"https:\/\/depocarsandcoffee.cz\/en\/nase-sluzby\/","title":{"rendered":"Our services"},"content":{"rendered":"<p>[et_pb_section fb_built=&#8220;1&#8243; _builder_version=&#8220;4.19.4&#8243; _module_preset=&#8220;default&#8220; custom_padding=&#8220;150px||||false|false&#8220; locked=&#8220;off&#8220; global_colors_info=&#8220;{}&#8220;][et_pb_row _builder_version=&#8220;4.19.4&#8243; _module_preset=&#8220;default&#8220; global_colors_info=&#8220;{}&#8220;][et_pb_column type=&#8220;4_4&#8243; _builder_version=&#8220;4.19.4&#8243; _module_preset=&#8220;default&#8220; global_colors_info=&#8220;{}&#8220;][et_pb_text _builder_version=&#8220;4.23&#8243; _module_preset=&#8220;default&#8220; text_font=&#8220;||||||||&#8220; text_line_height=&#8220;1.8em&#8220; header_4_font=&#8220;|700|||||||&#8220; header_4_text_color=&#8220;#141487&#8243; header_6_font=&#8220;|800|||||||&#8220; header_6_font_size=&#8220;45px&#8220; header_6_letter_spacing=&#8220;1px&#8220; global_colors_info=&#8220;{}&#8220;]<\/p>\n<h4>Full servis pro v\u0161e okolo automobil\u016f<\/h4>\n<h6>Automobilov\u00e9 slu\u017eby<\/h6>\n<p>[\/et_pb_text][et_pb_text _builder_version=&#8220;4.23.4&#8243; _module_preset=&#8220;default&#8220; text_font=&#8220;||||||||&#8220; text_font_size=&#8220;18px&#8220; text_line_height=&#8220;1.8em&#8220; header_4_font=&#8220;|700|||||||&#8220; header_4_text_color=&#8220;#BC0400&#8243; header_6_font=&#8220;|800|||||||&#8220; header_6_font_size=&#8220;45px&#8220; header_6_letter_spacing=&#8220;1px&#8220; locked=&#8220;off&#8220; global_colors_info=&#8220;{}&#8220;]<\/p>\n<p>Rozlehl\u00e1 d\u00edlna s celkem sedmi zved\u00e1ky a kompletn\u00edm vybaven\u00edm pro geometrii osobn\u00edch i z\u00e1vodn\u00edch aut, pneuservis, repase motor\u016f, p\u0159evodovek a diferenci\u00e1l\u016f, renovace youngtimer\u016f, \u010di\u0161t\u011bn\u00ed a p\u00edskov\u00e1n\u00ed motor\u016f i podvozkov\u00fdch komponent\u016f a se spoustou dal\u0161\u00edho profesion\u00e1ln\u00edho za\u0159\u00edzen\u00ed je srdcem are\u00e1lu DEPO Cars and Coffee na pra\u017esk\u00fdch Vinohradech. Pro n\u00e1s neexistuj\u00ed \u017e\u00e1dn\u00e9 p\u0159ek\u00e1\u017eky. D\u011bl\u00e1me maximum pro co nejl\u00e9pe odvedenou pr\u00e1ci na v\u0161ech automobilech i motocyklech, kter\u00e9 u n\u00e1s servisujeme.<\/p>\n<p>[\/et_pb_text][\/et_pb_column][\/et_pb_row][\/et_pb_section][et_pb_section fb_built=&#8220;1&#8243; make_equal=&#8220;on&#8220; use_custom_gutter=&#8220;on&#8220; gutter_width=&#8220;1&#8243; specialty=&#8220;on&#8220; bg_img_1=&#8220;https:\/\/depocarsandcoffee.cz\/wp-content\/uploads\/2023\/12\/DEPO_Hero_foto_V5.jpg&#8220; bg_img_3=&#8220;https:\/\/depocarsandcoffee.cz\/wp-content\/uploads\/2023\/02\/kavarna-1-e1677315327102.jpg&#8220; padding_top_1=&#8220;0px&#8220; padding_top_2=&#8220;0px&#8220; padding_top_3=&#8220;0px&#8220; padding_right_1=&#8220;0px&#8220; padding_right_2=&#8220;0px&#8220; padding_right_3=&#8220;0px&#8220; padding_bottom_1=&#8220;0px&#8220; padding_bottom_2=&#8220;0px&#8220; padding_bottom_3=&#8220;0px&#8220; padding_left_1=&#8220;0px&#8220; padding_left_2=&#8220;0px&#8220; padding_left_3=&#8220;0px&#8220; padding_top_bottom_link_1=&#8220;true&#8220; padding_top_bottom_link_2=&#8220;true&#8220; padding_top_bottom_link_3=&#8220;true&#8220; padding_left_right_link_1=&#8220;true&#8220; padding_left_right_link_2=&#8220;true&#8220; padding_left_right_link_3=&#8220;true&#8220; _builder_version=&#8220;4.23&#8243; _module_preset=&#8220;default&#8220; background_enable_color=&#8220;off&#8220; width=&#8220;80%&#8220; module_alignment=&#8220;center&#8220; inner_width=&#8220;100%&#8220; inner_max_width=&#8220;2520px&#8220; custom_margin=&#8220;||||false|true&#8220; custom_padding=&#8220;0px|0px|0px|0px|true|true&#8220; border_radii=&#8220;on|20px|20px|20px|20px&#8220; box_shadow_style=&#8220;preset2&#8243; box_shadow_color=&#8220;rgba(0,0,0,0.1)&#8220; locked=&#8220;off&#8220; global_colors_info=&#8220;{}&#8220;][et_pb_column type=&#8220;1_4&#8243; _builder_version=&#8220;4.16&#8243; custom_padding=&#8220;|||&#8220; global_colors_info=&#8220;{}&#8220; custom_padding__hover=&#8220;|||&#8220;][et_pb_cta button_url=&#8220;https:\/\/depocarsandcoffee.cz\/autoservis&#8220; button_text=&#8220;Autoservis&#8220; _builder_version=&#8220;4.23&#8243; _module_preset=&#8220;default&#8220; background_color=&#8220;rgba(0,0,0,0)&#8220; background_image=&#8220;https:\/\/depocarsandcoffee.cz\/wp-content\/uploads\/2023\/12\/DEPO_Hero_foto_V5.jpg&#8220; custom_button=&#8220;on&#8220; button_text_size=&#8220;20px&#8220; button_bg_color=&#8220;#000000&#8243; min_height=&#8220;100%&#8220; custom_padding=&#8220;15vh||15vh||true|false&#8220; custom_css_main_element=&#8220;display:flex;||flex-direction:column;||justify-content:center;&#8220; global_colors_info=&#8220;{}&#8220; background__hover_enabled=&#8220;on|hover&#8220; button_bg_color__hover_enabled=&#8220;on|hover&#8220; background_color__hover=&#8220;rgba(0,0,0,0.29)&#8220; background_enable_color__hover=&#8220;on&#8220; button_bg_color__hover=&#8220;#141487&#8243; button_bg_enable_color__hover=&#8220;on&#8220; filter_brightness__hover_enabled=&#8220;on|hover&#8220; filter_brightness__hover=&#8220;75%&#8220;][\/et_pb_cta][\/et_pb_column][et_pb_column type=&#8220;1_2&#8243; specialty_columns=&#8220;2&#8243; _builder_version=&#8220;4.16&#8243; custom_padding=&#8220;|||&#8220; global_colors_info=&#8220;{}&#8220; custom_padding__hover=&#8220;|||&#8220;][et_pb_row_inner use_custom_gutter=&#8220;on&#8220; gutter_width=&#8220;1&#8243; make_equal=&#8220;on&#8220; _builder_version=&#8220;4.20.0&#8243; _module_preset=&#8220;default&#8220; custom_padding=&#8220;0px||0px||true|false&#8220; global_colors_info=&#8220;{}&#8220;][et_pb_column_inner saved_specialty_column_type=&#8220;1_2&#8243; _builder_version=&#8220;4.20.0&#8243; _module_preset=&#8220;default&#8220; global_colors_info=&#8220;{}&#8220;][et_pb_cta button_url=&#8220;https:\/\/depocarsandcoffee.cz\/performance\/&#8220; button_text=&#8220;Performance&#8220; _builder_version=&#8220;4.23&#8243; _module_preset=&#8220;default&#8220; background_color=&#8220;rgba(0,0,0,0)&#8220; background_image=&#8220;https:\/\/depocarsandcoffee.cz\/wp-content\/uploads\/2023\/09\/IMG_5240.jpg&#8220; custom_button=&#8220;on&#8220; button_text_size=&#8220;20px&#8220; button_bg_color=&#8220;#000000&#8243; custom_padding=&#8220;10vh||10vh||true|false&#8220; custom_css_main_element=&#8220;display:flex;||flex-direction:column;||justify-content:center;&#8220; global_colors_info=&#8220;{}&#8220; background__hover_enabled=&#8220;on|hover&#8220; button_bg_color__hover_enabled=&#8220;on|hover&#8220; background_color__hover=&#8220;rgba(0,0,0,0.29)&#8220; background_enable_color__hover=&#8220;on&#8220; button_bg_color__hover=&#8220;#141487&#8243; button_bg_enable_color__hover=&#8220;on&#8220; filter_brightness__hover_enabled=&#8220;on|hover&#8220; filter_brightness__hover=&#8220;75%&#8220;][\/et_pb_cta][\/et_pb_column_inner][\/et_pb_row_inner][et_pb_row_inner column_structure=&#8220;1_2,1_2&#8243; use_custom_gutter=&#8220;on&#8220; gutter_width=&#8220;1&#8243; make_equal=&#8220;on&#8220; _builder_version=&#8220;4.20.0&#8243; _module_preset=&#8220;default&#8220; custom_padding=&#8220;0px||0px||true|false&#8220; global_colors_info=&#8220;{}&#8220;][et_pb_column_inner type=&#8220;1_2&#8243; saved_specialty_column_type=&#8220;1_2&#8243; _builder_version=&#8220;4.20.0&#8243; _module_preset=&#8220;default&#8220; global_colors_info=&#8220;{}&#8220;][et_pb_cta button_url=&#8220;https:\/\/depocarsandcoffee.cz\/shop\/&#8220; button_text=&#8220;Shop&#8220; _builder_version=&#8220;4.23&#8243; _module_preset=&#8220;default&#8220; background_color=&#8220;rgba(0,0,0,0)&#8220; background_image=&#8220;https:\/\/depocarsandcoffee.cz\/wp-content\/uploads\/2023\/12\/IMG_5689.jpg&#8220; custom_button=&#8220;on&#8220; button_text_size=&#8220;20px&#8220; button_bg_color=&#8220;#000000&#8243; custom_padding=&#8220;14vh||14vh||true|false&#8220; custom_css_main_element=&#8220;display:flex;||flex-direction:column;||justify-content:center;&#8220; global_colors_info=&#8220;{}&#8220; background__hover_enabled=&#8220;on|desktop&#8220; button_bg_color__hover_enabled=&#8220;on|hover&#8220; background_color__hover=&#8220;rgba(0,0,0,0.29)&#8220; background_enable_color__hover=&#8220;on&#8220; button_bg_color__hover=&#8220;#141487&#8243; button_bg_enable_color__hover=&#8220;on&#8220; filter_brightness__hover_enabled=&#8220;on|hover&#8220; filter_brightness__hover=&#8220;75%&#8220;][\/et_pb_cta][\/et_pb_column_inner][et_pb_column_inner type=&#8220;1_2&#8243; saved_specialty_column_type=&#8220;1_2&#8243; _builder_version=&#8220;4.20.0&#8243; _module_preset=&#8220;default&#8220; global_colors_info=&#8220;{}&#8220;][et_pb_cta button_url=&#8220;https:\/\/depocarsandcoffee.cz\/pujcovna-aut\/&#8220; button_text=&#8220;Rental&#8220; _builder_version=&#8220;4.23.4&#8243; _module_preset=&#8220;default&#8220; background_color=&#8220;rgba(0,0,0,0)&#8220; background_image=&#8220;https:\/\/depocarsandcoffee.cz\/wp-content\/uploads\/2023\/12\/DEPO_BMW_M2-15.jpg&#8220; custom_button=&#8220;on&#8220; button_text_size=&#8220;20px&#8220; button_bg_color=&#8220;#000000&#8243; custom_padding=&#8220;14vh||14vh||true|false&#8220; custom_css_main_element=&#8220;display:flex;||flex-direction:column;||justify-content:center;&#8220; global_colors_info=&#8220;{}&#8220; background__hover_enabled=&#8220;on|desktop&#8220; button_bg_color__hover_enabled=&#8220;on|hover&#8220; background_color__hover=&#8220;rgba(0,0,0,0.29)&#8220; background_enable_color__hover=&#8220;on&#8220; button_bg_color__hover=&#8220;#141487&#8243; button_bg_enable_color__hover=&#8220;on&#8220; filter_brightness__hover_enabled=&#8220;on|hover&#8220; filter_brightness__hover=&#8220;75%&#8220;][\/et_pb_cta][\/et_pb_column_inner][\/et_pb_row_inner][\/et_pb_column][et_pb_column type=&#8220;1_4&#8243; _builder_version=&#8220;4.16&#8243; custom_padding=&#8220;|||&#8220; global_colors_info=&#8220;{}&#8220; custom_padding__hover=&#8220;|||&#8220;][et_pb_cta button_url=&#8220;https:\/\/depocarsandcoffee.cz\/doplnkove-sluzby\/&#8220; button_text=&#8220;Dal\u0161\u00ed slu\u017eby&#8220; _builder_version=&#8220;4.23&#8243; _module_preset=&#8220;default&#8220; background_color=&#8220;rgba(0,0,0,0)&#8220; background_image=&#8220;https:\/\/depocarsandcoffee.cz\/wp-content\/uploads\/2023\/10\/DZ7_3476.jpg&#8220; custom_button=&#8220;on&#8220; button_text_size=&#8220;20px&#8220; button_bg_color=&#8220;#000000&#8243; min_height=&#8220;100%&#8220; custom_padding=&#8220;15vh||15vh||true|false&#8220; custom_css_main_element=&#8220;display:flex;||flex-direction:column;||justify-content:center;&#8220; global_colors_info=&#8220;{}&#8220; background__hover_enabled=&#8220;on|desktop&#8220; button_bg_color__hover_enabled=&#8220;on|hover&#8220; background_color__hover=&#8220;rgba(0,0,0,0.29)&#8220; background_enable_color__hover=&#8220;on&#8220; button_bg_color__hover=&#8220;#141487&#8243; button_bg_enable_color__hover=&#8220;on&#8220; filter_brightness__hover_enabled=&#8220;on|hover&#8220; filter_brightness__hover=&#8220;75%&#8220;][\/et_pb_cta][\/et_pb_column][\/et_pb_section][et_pb_section fb_built=&#8220;1&#8243; _builder_version=&#8220;4.23.4&#8243; _module_preset=&#8220;default&#8220; hover_enabled=&#8220;0&#8243; global_colors_info=&#8220;{}&#8220; disabled_on=&#8220;on|on|on&#8220; disabled=&#8220;on&#8220; sticky_enabled=&#8220;0&#8243;][et_pb_row _builder_version=&#8220;4.19.4&#8243; _module_preset=&#8220;default&#8220; global_colors_info=&#8220;{}&#8220;][et_pb_column type=&#8220;4_4&#8243; _builder_version=&#8220;4.19.4&#8243; _module_preset=&#8220;default&#8220; global_colors_info=&#8220;{}&#8220;][et_pb_text _builder_version=&#8220;4.23&#8243; _module_preset=&#8220;default&#8220; text_font=&#8220;||||||||&#8220; text_line_height=&#8220;1.8em&#8220; header_4_font=&#8220;|700|||||||&#8220; header_4_text_color=&#8220;#141487&#8243; header_6_font=&#8220;|800|||||||&#8220; header_6_font_size=&#8220;45px&#8220; header_6_letter_spacing=&#8220;1px&#8220; global_colors_info=&#8220;{}&#8220;]<\/p>\n<h4>Jde n\u00e1m o komunitu!<\/h4>\n<h6>Slu\u017eby pro milovn\u00edky aut<\/h6>\n<p>[\/et_pb_text][et_pb_text _builder_version=&#8220;4.23&#8243; _module_preset=&#8220;default&#8220; text_font=&#8220;||||||||&#8220; text_font_size=&#8220;18px&#8220; text_line_height=&#8220;1.8em&#8220; header_4_font=&#8220;|700|||||||&#8220; header_4_text_color=&#8220;#BC0400&#8243; header_6_font=&#8220;|800|||||||&#8220; header_6_font_size=&#8220;45px&#8220; header_6_letter_spacing=&#8220;1px&#8220; locked=&#8220;off&#8220; global_colors_info=&#8220;{}&#8220;]<\/p>\n<p>Na\u0161e prostory jsou navr\u017eeny tak, aby lidem s v\u00e1\u0161n\u00ed pro techniku nab\u00eddly \u00fapln\u011b v\u0161echno. Budujeme komunitu stejn\u011b sm\u00fd\u0161lej\u00edc\u00edch lid\u00ed. Jsme tady nejen proto, abychom vy\u0159e\u0161ili probl\u00e9my s va\u0161\u00edm autem, ale tak\u00e9 abychom v\u00e1m d\u011blali radost. Proto neust\u00e1le hled\u00e1me nov\u00e1 \u0159e\u0161en\u00ed a postupy, d\u011bl\u00e1me sportovn\u00ed auta schopn\u011bj\u0161\u00edmi a z\u00e1bavn\u011bj\u0161\u00edmi, posouv\u00e1me sv\u00e9 hranice a u\u010d\u00edme v\u00e1s nov\u00e9 v\u011bci, po\u0159\u00e1d\u00e1me zaj\u00edmav\u00e9 p\u0159edn\u00e1\u0161ky a prezentace nejen ze sv\u011bta automotive a p\u0159ipravujeme tu nejlep\u0161\u00ed k\u00e1vu na Vinohradech.<\/p>\n<p>[\/et_pb_text][\/et_pb_column][\/et_pb_row][et_pb_row column_structure=&#8220;1_2,1_2&#8243; use_custom_gutter=&#8220;on&#8220; gutter_width=&#8220;2&#8243; make_equal=&#8220;on&#8220; _builder_version=&#8220;4.23.4&#8243; _module_preset=&#8220;default&#8220; width=&#8220;85%&#8220; width_tablet=&#8220;85%&#8220; width_phone=&#8220;85%&#8220; width_last_edited=&#8220;on|tablet&#8220; max_width=&#8220;2520px&#8220; global_colors_info=&#8220;{}&#8220;][et_pb_column type=&#8220;1_2&#8243; _builder_version=&#8220;4.20.0&#8243; _module_preset=&#8220;default&#8220; global_colors_info=&#8220;{}&#8220;][et_pb_cta button_url=&#8220;https:\/\/depocarsandcoffee.cz\/kavarna\/&#8220; button_text=&#8220;Kav\u00e1rna&#8220; _builder_version=&#8220;4.23.4&#8243; _module_preset=&#8220;default&#8220; background_enable_color=&#8220;off&#8220; background_image=&#8220;https:\/\/depocarsandcoffee.cz\/wp-content\/uploads\/2023\/12\/Asset-27-100.jpg&#8220; background_position=&#8220;bottom_right&#8220; background_blend=&#8220;hue&#8220; custom_button=&#8220;on&#8220; button_text_size=&#8220;20px&#8220; button_bg_color=&#8220;#000000&#8243; width=&#8220;30vw&#8220; width_tablet=&#8220;30vw&#8220; width_phone=&#8220;95%&#8220; width_last_edited=&#8220;on|phone&#8220; module_alignment=&#8220;center&#8220; custom_padding=&#8220;10vh||10vh||true|false&#8220; border_radii=&#8220;on|20px|20px|20px|20px&#8220; box_shadow_style=&#8220;preset2&#8243; box_shadow_color=&#8220;rgba(0,0,0,0.1)&#8220; global_colors_info=&#8220;{}&#8220; button_bg_color__hover_enabled=&#8220;on|hover&#8220; button_bg_color__hover=&#8220;#2626FD&#8220; button_bg_enable_color__hover=&#8220;on&#8220;][\/et_pb_cta][\/et_pb_column][et_pb_column type=&#8220;1_2&#8243; _builder_version=&#8220;4.20.0&#8243; _module_preset=&#8220;default&#8220; global_colors_info=&#8220;{}&#8220;][et_pb_cta button_url=&#8220;https:\/\/depocarsandcoffee.cz\/kavarna\/&#8220; button_text=&#8220;Akce&#8220; _builder_version=&#8220;4.23.4&#8243; _module_preset=&#8220;default&#8220; background_enable_color=&#8220;off&#8220; background_image=&#8220;https:\/\/depocarsandcoffee.cz\/wp-content\/uploads\/2023\/12\/Asset-28-100.jpg&#8220; background_position=&#8220;bottom_right&#8220; background_blend=&#8220;hue&#8220; custom_button=&#8220;on&#8220; button_text_size=&#8220;20px&#8220; button_bg_color=&#8220;#000000&#8243; width=&#8220;30vw&#8220; width_tablet=&#8220;30vw&#8220; width_phone=&#8220;95%&#8220; width_last_edited=&#8220;on|phone&#8220; module_alignment=&#8220;center&#8220; custom_padding=&#8220;10vh||10vh||true|false&#8220; border_radii=&#8220;on|20px|20px|20px|20px&#8220; box_shadow_style=&#8220;preset2&#8243; box_shadow_color=&#8220;rgba(0,0,0,0.1)&#8220; global_colors_info=&#8220;{}&#8220; button_bg_color__hover_enabled=&#8220;on|hover&#8220; button_bg_color__hover=&#8220;#2626FD&#8220; button_bg_enable_color__hover=&#8220;on&#8220;][\/et_pb_cta][\/et_pb_column][\/et_pb_row][\/et_pb_section]<\/p>\n","protected":false},"excerpt":{"rendered":"<p>Full servis pro v\u0161e okolo automobil\u016f Automobilov\u00e9 slu\u017ebyRozlehl\u00e1 d\u00edlna s celkem sedmi zved\u00e1ky a kompletn\u00edm vybaven\u00edm pro geometrii osobn\u00edch i z\u00e1vodn\u00edch aut, pneuservis, repase motor\u016f, p\u0159evodovek a diferenci\u00e1l\u016f, renovace youngtimer\u016f, \u010di\u0161t\u011bn\u00ed a p\u00edskov\u00e1n\u00ed motor\u016f i podvozkov\u00fdch komponent\u016f a se spoustou dal\u0161\u00edho profesion\u00e1ln\u00edho za\u0159\u00edzen\u00ed je srdcem are\u00e1lu DEPO Cars and Coffee na pra\u017esk\u00fdch Vinohradech. Pro n\u00e1s [&hellip;]<\/p>\n","protected":false},"author":1,"featured_media":0,"parent":0,"menu_order":0,"comment_status":"closed","ping_status":"closed","template":"","meta":{"_et_pb_use_builder":"on","_et_pb_old_content":"","_et_gb_content_width":"","footnotes":""},"class_list":["post-241832","page","type-page","status-publish","hentry"],"yoast_head":"<!-- This site is optimized with the Yoast SEO plugin v27.0 - https:\/\/yoast.com\/product\/yoast-seo-wordpress\/ -->\n<title>Na\u0161e slu\u017eby - DEPO Cars &amp; Coffee<\/title>\n<meta name=\"robots\" content=\"index, follow, max-snippet:-1, max-image-preview:large, max-video-preview:-1\" \/>\n<link rel=\"canonical\" href=\"https:\/\/depocarsandcoffee.cz\/en\/nase-sluzby\/\" \/>\n<meta property=\"og:locale\" content=\"en_US\" \/>\n<meta property=\"og:type\" content=\"article\" \/>\n<meta property=\"og:title\" content=\"Na\u0161e slu\u017eby - DEPO Cars &amp; Coffee\" \/>\n<meta property=\"og:description\" content=\"Full servis pro v\u0161e okolo automobil\u016f Automobilov\u00e9 slu\u017ebyRozlehl\u00e1 d\u00edlna s celkem sedmi zved\u00e1ky a kompletn\u00edm vybaven\u00edm pro geometrii osobn\u00edch i z\u00e1vodn\u00edch aut, pneuservis, repase motor\u016f, p\u0159evodovek a diferenci\u00e1l\u016f, renovace youngtimer\u016f, \u010di\u0161t\u011bn\u00ed a p\u00edskov\u00e1n\u00ed motor\u016f i podvozkov\u00fdch komponent\u016f a se spoustou dal\u0161\u00edho profesion\u00e1ln\u00edho za\u0159\u00edzen\u00ed je srdcem are\u00e1lu DEPO Cars and Coffee na pra\u017esk\u00fdch Vinohradech. Pro n\u00e1s [&hellip;]\" \/>\n<meta property=\"og:url\" content=\"https:\/\/depocarsandcoffee.cz\/en\/nase-sluzby\/\" \/>\n<meta property=\"og:site_name\" content=\"DEPO Cars &amp; Coffee\" \/>\n<meta property=\"article:modified_time\" content=\"2026-02-24T11:42:44+00:00\" \/>\n<meta name=\"twitter:card\" content=\"summary_large_image\" \/>\n<meta name=\"twitter:label1\" content=\"Est. reading time\" \/>\n\t<meta name=\"twitter:data1\" content=\"8 minutes\" \/>\n<script type=\"application\/ld+json\" class=\"yoast-schema-graph\">{\"@context\":\"https:\/\/schema.org\",\"@graph\":[{\"@type\":\"WebPage\",\"@id\":\"https:\/\/depocarsandcoffee.cz\/nase-sluzby\/\",\"url\":\"https:\/\/depocarsandcoffee.cz\/nase-sluzby\/\",\"name\":\"Na\u0161e slu\u017eby - DEPO Cars &amp; Coffee\",\"isPartOf\":{\"@id\":\"https:\/\/depocarsandcoffee.cz\/#website\"},\"datePublished\":\"2023-02-26T07:51:13+00:00\",\"dateModified\":\"2026-02-24T11:42:44+00:00\",\"breadcrumb\":{\"@id\":\"https:\/\/depocarsandcoffee.cz\/nase-sluzby\/#breadcrumb\"},\"inLanguage\":\"en-US\",\"potentialAction\":[{\"@type\":\"ReadAction\",\"target\":[\"https:\/\/depocarsandcoffee.cz\/nase-sluzby\/\"]}]},{\"@type\":\"BreadcrumbList\",\"@id\":\"https:\/\/depocarsandcoffee.cz\/nase-sluzby\/#breadcrumb\",\"itemListElement\":[{\"@type\":\"ListItem\",\"position\":1,\"name\":\"Home\",\"item\":\"https:\/\/depocarsandcoffee.cz\/\"},{\"@type\":\"ListItem\",\"position\":2,\"name\":\"Na\u0161e slu\u017eby\"}]},{\"@type\":\"WebSite\",\"@id\":\"https:\/\/depocarsandcoffee.cz\/#website\",\"url\":\"https:\/\/depocarsandcoffee.cz\/\",\"name\":\"DEPO Cars & Coffee\",\"description\":\"Your one stop for everything cars.\",\"publisher\":{\"@id\":\"https:\/\/depocarsandcoffee.cz\/#organization\"},\"potentialAction\":[{\"@type\":\"SearchAction\",\"target\":{\"@type\":\"EntryPoint\",\"urlTemplate\":\"https:\/\/depocarsandcoffee.cz\/?s={search_term_string}\"},\"query-input\":{\"@type\":\"PropertyValueSpecification\",\"valueRequired\":true,\"valueName\":\"search_term_string\"}}],\"inLanguage\":\"en-US\"},{\"@type\":\"Organization\",\"@id\":\"https:\/\/depocarsandcoffee.cz\/#organization\",\"name\":\"DEPO Cars & Coffee\",\"url\":\"https:\/\/depocarsandcoffee.cz\/\",\"logo\":{\"@type\":\"ImageObject\",\"inLanguage\":\"en-US\",\"@id\":\"https:\/\/depocarsandcoffee.cz\/#\/schema\/logo\/image\/\",\"url\":\"https:\/\/depocarsandcoffee.cz\/wp-content\/uploads\/2023\/01\/Primarni-logo@2x.png\",\"contentUrl\":\"https:\/\/depocarsandcoffee.cz\/wp-content\/uploads\/2023\/01\/Primarni-logo@2x.png\",\"width\":409,\"height\":409,\"caption\":\"DEPO Cars & Coffee\"},\"image\":{\"@id\":\"https:\/\/depocarsandcoffee.cz\/#\/schema\/logo\/image\/\"},\"sameAs\":[\"http:\/\/instagram.com\/depocarscoffee\",\"https:\/\/www.youtube.com\/channel\/UC21C7JYLMp2jwrSVcU3cbPg\"]}]}<\/script>\n<!-- \/ Yoast SEO plugin. -->","yoast_head_json":{"title":"Na\u0161e slu\u017eby - DEPO Cars &amp; Coffee","robots":{"index":"index","follow":"follow","max-snippet":"max-snippet:-1","max-image-preview":"max-image-preview:large","max-video-preview":"max-video-preview:-1"},"canonical":"https:\/\/depocarsandcoffee.cz\/en\/nase-sluzby\/","og_locale":"en_US","og_type":"article","og_title":"Na\u0161e slu\u017eby - DEPO Cars &amp; Coffee","og_description":"Full servis pro v\u0161e okolo automobil\u016f Automobilov\u00e9 slu\u017ebyRozlehl\u00e1 d\u00edlna s celkem sedmi zved\u00e1ky a kompletn\u00edm vybaven\u00edm pro geometrii osobn\u00edch i z\u00e1vodn\u00edch aut, pneuservis, repase motor\u016f, p\u0159evodovek a diferenci\u00e1l\u016f, renovace youngtimer\u016f, \u010di\u0161t\u011bn\u00ed a p\u00edskov\u00e1n\u00ed motor\u016f i podvozkov\u00fdch komponent\u016f a se spoustou dal\u0161\u00edho profesion\u00e1ln\u00edho za\u0159\u00edzen\u00ed je srdcem are\u00e1lu DEPO Cars and Coffee na pra\u017esk\u00fdch Vinohradech. Pro n\u00e1s [&hellip;]","og_url":"https:\/\/depocarsandcoffee.cz\/en\/nase-sluzby\/","og_site_name":"DEPO Cars &amp; Coffee","article_modified_time":"2026-02-24T11:42:44+00:00","twitter_card":"summary_large_image","twitter_misc":{"Est. reading time":"8 minutes"},"schema":{"@context":"https:\/\/schema.org","@graph":[{"@type":"WebPage","@id":"https:\/\/depocarsandcoffee.cz\/nase-sluzby\/","url":"https:\/\/depocarsandcoffee.cz\/nase-sluzby\/","name":"Na\u0161e slu\u017eby - DEPO Cars &amp; Coffee","isPartOf":{"@id":"https:\/\/depocarsandcoffee.cz\/#website"},"datePublished":"2023-02-26T07:51:13+00:00","dateModified":"2026-02-24T11:42:44+00:00","breadcrumb":{"@id":"https:\/\/depocarsandcoffee.cz\/nase-sluzby\/#breadcrumb"},"inLanguage":"en-US","potentialAction":[{"@type":"ReadAction","target":["https:\/\/depocarsandcoffee.cz\/nase-sluzby\/"]}]},{"@type":"BreadcrumbList","@id":"https:\/\/depocarsandcoffee.cz\/nase-sluzby\/#breadcrumb","itemListElement":[{"@type":"ListItem","position":1,"name":"Home","item":"https:\/\/depocarsandcoffee.cz\/"},{"@type":"ListItem","position":2,"name":"Na\u0161e slu\u017eby"}]},{"@type":"WebSite","@id":"https:\/\/depocarsandcoffee.cz\/#website","url":"https:\/\/depocarsandcoffee.cz\/","name":"DEPO Cars & Coffee","description":"Your one stop for everything cars.","publisher":{"@id":"https:\/\/depocarsandcoffee.cz\/#organization"},"potentialAction":[{"@type":"SearchAction","target":{"@type":"EntryPoint","urlTemplate":"https:\/\/depocarsandcoffee.cz\/?s={search_term_string}"},"query-input":{"@type":"PropertyValueSpecification","valueRequired":true,"valueName":"search_term_string"}}],"inLanguage":"en-US"},{"@type":"Organization","@id":"https:\/\/depocarsandcoffee.cz\/#organization","name":"DEPO Cars & Coffee","url":"https:\/\/depocarsandcoffee.cz\/","logo":{"@type":"ImageObject","inLanguage":"en-US","@id":"https:\/\/depocarsandcoffee.cz\/#\/schema\/logo\/image\/","url":"https:\/\/depocarsandcoffee.cz\/wp-content\/uploads\/2023\/01\/Primarni-logo@2x.png","contentUrl":"https:\/\/depocarsandcoffee.cz\/wp-content\/uploads\/2023\/01\/Primarni-logo@2x.png","width":409,"height":409,"caption":"DEPO Cars & Coffee"},"image":{"@id":"https:\/\/depocarsandcoffee.cz\/#\/schema\/logo\/image\/"},"sameAs":["http:\/\/instagram.com\/depocarscoffee","https:\/\/www.youtube.com\/channel\/UC21C7JYLMp2jwrSVcU3cbPg"]}]}},"_links":{"self":[{"href":"https:\/\/depocarsandcoffee.cz\/en\/wp-json\/wp\/v2\/pages\/241832","targetHints":{"allow":["GET"]}}],"collection":[{"href":"https:\/\/depocarsandcoffee.cz\/en\/wp-json\/wp\/v2\/pages"}],"about":[{"href":"https:\/\/depocarsandcoffee.cz\/en\/wp-json\/wp\/v2\/types\/page"}],"author":[{"embeddable":true,"href":"https:\/\/depocarsandcoffee.cz\/en\/wp-json\/wp\/v2\/users\/1"}],"replies":[{"embeddable":true,"href":"https:\/\/depocarsandcoffee.cz\/en\/wp-json\/wp\/v2\/comments?post=241832"}],"version-history":[{"count":19,"href":"https:\/\/depocarsandcoffee.cz\/en\/wp-json\/wp\/v2\/pages\/241832\/revisions"}],"predecessor-version":[{"id":244454,"href":"https:\/\/depocarsandcoffee.cz\/en\/wp-json\/wp\/v2\/pages\/241832\/revisions\/244454"}],"wp:attachment":[{"href":"https:\/\/depocarsandcoffee.cz\/en\/wp-json\/wp\/v2\/media?parent=241832"}],"curies":[{"name":"wp","href":"https:\/\/api.w.org\/{rel}","templated":true}]}}