{"id":241951,"date":"2023-03-03T10:05:53","date_gmt":"2023-03-03T10:05:53","guid":{"rendered":"https:\/\/depocarsandcoffee.cz\/?page_id=241951"},"modified":"2023-12-31T16:26:18","modified_gmt":"2023-12-31T16:26:18","slug":"doplnkove-sluzby","status":"publish","type":"page","link":"https:\/\/depocarsandcoffee.cz\/en\/doplnkove-sluzby\/","title":{"rendered":"Additional services"},"content":{"rendered":"<p>[et_pb_section fb_built=&#8220;1&#8243; custom_padding_last_edited=&#8220;on|phone&#8220; _builder_version=&#8220;4.23.4&#8243; _module_preset=&#8220;default&#8220; height=&#8220;80vh&#8220; height_tablet=&#8220;auto&#8220; height_phone=&#8220;auto&#8220; height_last_edited=&#8220;on|phone&#8220; custom_padding=&#8220;30vh||||false|false&#8220; custom_padding_tablet=&#8220;20vh||||false|false&#8220; custom_padding_phone=&#8220;15vh||||false|false&#8220; hover_enabled=&#8220;0&#8243; global_colors_info=&#8220;{}&#8220; sticky_enabled=&#8220;0&#8243;][et_pb_row column_structure=&#8220;3_4,1_4&#8243; make_equal=&#8220;on&#8220; _builder_version=&#8220;4.23&#8243; _module_preset=&#8220;default&#8220; hover_enabled=&#8220;0&#8243; global_colors_info=&#8220;{}&#8220; sticky_enabled=&#8220;0&#8243;][et_pb_column type=&#8220;3_4&#8243; _builder_version=&#8220;4.23&#8243; _module_preset=&#8220;default&#8220; global_colors_info=&#8220;{}&#8220;][et_pb_text _builder_version=&#8220;4.23&#8243; _module_preset=&#8220;default&#8220; text_font_size=&#8220;18px&#8220; text_line_height=&#8220;1.8em&#8220; header_font=&#8220;Barlow Condensed|800|||||||&#8220; header_font_size=&#8220;50px&#8220; header_letter_spacing=&#8220;1px&#8220; header_line_height=&#8220;1.2em&#8220; header_3_font=&#8220;|700|||||||&#8220; header_3_text_color=&#8220;#141487&#8243; header_3_font_size=&#8220;18px&#8220; header_3_line_height=&#8220;0.5em&#8220; global_colors_info=&#8220;{}&#8220;]<\/p>\n<h3>Cars<\/h3>\n<h1>Dopl\u0148kov\u00e9 slu\u017eby<\/h1>\n<p>P\u0159ipravujeme kompletn\u00ed bal\u00ed\u010dek slu\u017eeb pro v\u00e1\u0161 vozov\u00fd park. Brzy se m\u016f\u017eete t\u011b\u0161it na profesion\u00e1ln\u00ed slu\u017eby detailingu, t\u00f3nov\u00e1n\u00ed autoskel, renovaci klasick\u00fdch aut, ale i prov\u011b\u0159en\u00ed ojetin p\u0159ed koup\u00ed, dovoz nov\u00fdch i ojet\u00fdch voz\u016f ze zahrani\u010d\u00ed, odtahov\u00e9 slu\u017eby nebo technick\u00e9 kontroly v\u010detn\u011b z\u00e1pisu nadstandardn\u00edch prvk\u016f do velk\u00e9ho technick\u00e9ho pr\u016fkazu a mnohem v\u00edce!<\/p>\n<p>[\/et_pb_text][et_pb_button button_url=&#8220;https:\/\/depocarsandcoffee.cz\/nase-sluzby\/&#8220; button_text=&#8220;zp\u011bt na slu\u017eby&#8220; _builder_version=&#8220;4.23&#8243; _module_preset=&#8220;default&#8220; global_colors_info=&#8220;{}&#8220;][\/et_pb_button][\/et_pb_column][et_pb_column type=&#8220;1_4&#8243; _builder_version=&#8220;4.23&#8243; _module_preset=&#8220;default&#8220; custom_css_main_element=&#8220;margin: auto;||  &#8220; global_colors_info=&#8220;{}&#8220;][et_pb_image src=&#8220;https:\/\/depocarsandcoffee.cz\/wp-content\/uploads\/2023\/12\/Asset-23.png&#8220; title_text=&#8220;Asset 23&#8243; show_bottom_space=&#8220;off&#8220; align_tablet=&#8220;center&#8220; align_phone=&#8220;center&#8220; align_last_edited=&#8220;on|phone&#8220; _builder_version=&#8220;4.23&#8243; _module_preset=&#8220;default&#8220; animation_style=&#8220;fade&#8220; animation_direction=&#8220;top&#8220; animation_duration=&#8220;1200ms&#8220; animation_delay=&#8220;250ms&#8220; global_colors_info=&#8220;{}&#8220;][\/et_pb_image][\/et_pb_column][\/et_pb_row][\/et_pb_section]<\/p>\n","protected":false},"excerpt":{"rendered":"<p>Cars Dopl\u0148kov\u00e9 slu\u017eby P\u0159ipravujeme kompletn\u00ed bal\u00ed\u010dek slu\u017eeb pro v\u00e1\u0161 vozov\u00fd park. Brzy se m\u016f\u017eete t\u011b\u0161it na profesion\u00e1ln\u00ed slu\u017eby detailingu, t\u00f3nov\u00e1n\u00ed autoskel, renovaci klasick\u00fdch aut, ale i prov\u011b\u0159en\u00ed ojetin p\u0159ed koup\u00ed, dovoz nov\u00fdch i ojet\u00fdch voz\u016f ze zahrani\u010d\u00ed, odtahov\u00e9 slu\u017eby nebo technick\u00e9 kontroly v\u010detn\u011b z\u00e1pisu nadstandardn\u00edch prvk\u016f do velk\u00e9ho technick\u00e9ho pr\u016fkazu a mnohem v\u00edce!<\/p>","protected":false},"author":1,"featured_media":0,"parent":0,"menu_order":0,"comment_status":"closed","ping_status":"closed","template":"","meta":{"_et_pb_use_builder":"on","_et_pb_old_content":"","_et_gb_content_width":"","footnotes":""},"class_list":["post-241951","page","type-page","status-publish","hentry"],"yoast_head":"<!-- This site is optimized with the Yoast SEO plugin v27.0 - https:\/\/yoast.com\/product\/yoast-seo-wordpress\/ -->\n<title>Dopl\u0148kov\u00e9 slu\u017eby - DEPO Cars &amp; Coffee<\/title>\n<meta name=\"robots\" content=\"index, follow, max-snippet:-1, max-image-preview:large, max-video-preview:-1\" \/>\n<link rel=\"canonical\" href=\"https:\/\/depocarsandcoffee.cz\/en\/doplnkove-sluzby\/\" \/>\n<meta property=\"og:locale\" content=\"en_US\" \/>\n<meta property=\"og:type\" content=\"article\" \/>\n<meta property=\"og:title\" content=\"Dopl\u0148kov\u00e9 slu\u017eby - DEPO Cars &amp; Coffee\" \/>\n<meta property=\"og:description\" content=\"Cars Dopl\u0148kov\u00e9 slu\u017eby P\u0159ipravujeme kompletn\u00ed bal\u00ed\u010dek slu\u017eeb pro v\u00e1\u0161 vozov\u00fd park. Brzy se m\u016f\u017eete t\u011b\u0161it na profesion\u00e1ln\u00ed slu\u017eby detailingu, t\u00f3nov\u00e1n\u00ed autoskel, renovaci klasick\u00fdch aut, ale i prov\u011b\u0159en\u00ed ojetin p\u0159ed koup\u00ed, dovoz nov\u00fdch i ojet\u00fdch voz\u016f ze zahrani\u010d\u00ed, odtahov\u00e9 slu\u017eby nebo technick\u00e9 kontroly v\u010detn\u011b z\u00e1pisu nadstandardn\u00edch prvk\u016f do velk\u00e9ho technick\u00e9ho pr\u016fkazu a mnohem v\u00edce!\" \/>\n<meta property=\"og:url\" content=\"https:\/\/depocarsandcoffee.cz\/en\/doplnkove-sluzby\/\" \/>\n<meta property=\"og:site_name\" content=\"DEPO Cars &amp; Coffee\" \/>\n<meta property=\"article:modified_time\" content=\"2023-12-31T16:26:18+00:00\" \/>\n<meta name=\"twitter:card\" content=\"summary_large_image\" \/>\n<meta name=\"twitter:label1\" content=\"Est. reading time\" \/>\n\t<meta name=\"twitter:data1\" content=\"2 minutes\" \/>\n<script type=\"application\/ld+json\" class=\"yoast-schema-graph\">{\"@context\":\"https:\/\/schema.org\",\"@graph\":[{\"@type\":\"WebPage\",\"@id\":\"https:\/\/depocarsandcoffee.cz\/doplnkove-sluzby\/\",\"url\":\"https:\/\/depocarsandcoffee.cz\/doplnkove-sluzby\/\",\"name\":\"Dopl\u0148kov\u00e9 slu\u017eby - DEPO Cars &amp; Coffee\",\"isPartOf\":{\"@id\":\"https:\/\/depocarsandcoffee.cz\/#website\"},\"datePublished\":\"2023-03-03T10:05:53+00:00\",\"dateModified\":\"2023-12-31T16:26:18+00:00\",\"breadcrumb\":{\"@id\":\"https:\/\/depocarsandcoffee.cz\/doplnkove-sluzby\/#breadcrumb\"},\"inLanguage\":\"en-US\",\"potentialAction\":[{\"@type\":\"ReadAction\",\"target\":[\"https:\/\/depocarsandcoffee.cz\/doplnkove-sluzby\/\"]}]},{\"@type\":\"BreadcrumbList\",\"@id\":\"https:\/\/depocarsandcoffee.cz\/doplnkove-sluzby\/#breadcrumb\",\"itemListElement\":[{\"@type\":\"ListItem\",\"position\":1,\"name\":\"Home\",\"item\":\"https:\/\/depocarsandcoffee.cz\/\"},{\"@type\":\"ListItem\",\"position\":2,\"name\":\"Dopl\u0148kov\u00e9 slu\u017eby\"}]},{\"@type\":\"WebSite\",\"@id\":\"https:\/\/depocarsandcoffee.cz\/#website\",\"url\":\"https:\/\/depocarsandcoffee.cz\/\",\"name\":\"DEPO Cars & Coffee\",\"description\":\"Your one stop for everything cars.\",\"publisher\":{\"@id\":\"https:\/\/depocarsandcoffee.cz\/#organization\"},\"potentialAction\":[{\"@type\":\"SearchAction\",\"target\":{\"@type\":\"EntryPoint\",\"urlTemplate\":\"https:\/\/depocarsandcoffee.cz\/?s={search_term_string}\"},\"query-input\":{\"@type\":\"PropertyValueSpecification\",\"valueRequired\":true,\"valueName\":\"search_term_string\"}}],\"inLanguage\":\"en-US\"},{\"@type\":\"Organization\",\"@id\":\"https:\/\/depocarsandcoffee.cz\/#organization\",\"name\":\"DEPO Cars & Coffee\",\"url\":\"https:\/\/depocarsandcoffee.cz\/\",\"logo\":{\"@type\":\"ImageObject\",\"inLanguage\":\"en-US\",\"@id\":\"https:\/\/depocarsandcoffee.cz\/#\/schema\/logo\/image\/\",\"url\":\"https:\/\/depocarsandcoffee.cz\/wp-content\/uploads\/2023\/01\/Primarni-logo@2x.png\",\"contentUrl\":\"https:\/\/depocarsandcoffee.cz\/wp-content\/uploads\/2023\/01\/Primarni-logo@2x.png\",\"width\":409,\"height\":409,\"caption\":\"DEPO Cars & Coffee\"},\"image\":{\"@id\":\"https:\/\/depocarsandcoffee.cz\/#\/schema\/logo\/image\/\"},\"sameAs\":[\"http:\/\/instagram.com\/depocarscoffee\",\"https:\/\/www.youtube.com\/channel\/UC21C7JYLMp2jwrSVcU3cbPg\"]}]}<\/script>\n<!-- \/ Yoast SEO plugin. -->","yoast_head_json":{"title":"Dopl\u0148kov\u00e9 slu\u017eby - DEPO Cars &amp; Coffee","robots":{"index":"index","follow":"follow","max-snippet":"max-snippet:-1","max-image-preview":"max-image-preview:large","max-video-preview":"max-video-preview:-1"},"canonical":"https:\/\/depocarsandcoffee.cz\/en\/doplnkove-sluzby\/","og_locale":"en_US","og_type":"article","og_title":"Dopl\u0148kov\u00e9 slu\u017eby - DEPO Cars &amp; Coffee","og_description":"Cars Dopl\u0148kov\u00e9 slu\u017eby P\u0159ipravujeme kompletn\u00ed bal\u00ed\u010dek slu\u017eeb pro v\u00e1\u0161 vozov\u00fd park. Brzy se m\u016f\u017eete t\u011b\u0161it na profesion\u00e1ln\u00ed slu\u017eby detailingu, t\u00f3nov\u00e1n\u00ed autoskel, renovaci klasick\u00fdch aut, ale i prov\u011b\u0159en\u00ed ojetin p\u0159ed koup\u00ed, dovoz nov\u00fdch i ojet\u00fdch voz\u016f ze zahrani\u010d\u00ed, odtahov\u00e9 slu\u017eby nebo technick\u00e9 kontroly v\u010detn\u011b z\u00e1pisu nadstandardn\u00edch prvk\u016f do velk\u00e9ho technick\u00e9ho pr\u016fkazu a mnohem v\u00edce!","og_url":"https:\/\/depocarsandcoffee.cz\/en\/doplnkove-sluzby\/","og_site_name":"DEPO Cars &amp; Coffee","article_modified_time":"2023-12-31T16:26:18+00:00","twitter_card":"summary_large_image","twitter_misc":{"Est. reading time":"2 minutes"},"schema":{"@context":"https:\/\/schema.org","@graph":[{"@type":"WebPage","@id":"https:\/\/depocarsandcoffee.cz\/doplnkove-sluzby\/","url":"https:\/\/depocarsandcoffee.cz\/doplnkove-sluzby\/","name":"Dopl\u0148kov\u00e9 slu\u017eby - DEPO Cars &amp; Coffee","isPartOf":{"@id":"https:\/\/depocarsandcoffee.cz\/#website"},"datePublished":"2023-03-03T10:05:53+00:00","dateModified":"2023-12-31T16:26:18+00:00","breadcrumb":{"@id":"https:\/\/depocarsandcoffee.cz\/doplnkove-sluzby\/#breadcrumb"},"inLanguage":"en-US","potentialAction":[{"@type":"ReadAction","target":["https:\/\/depocarsandcoffee.cz\/doplnkove-sluzby\/"]}]},{"@type":"BreadcrumbList","@id":"https:\/\/depocarsandcoffee.cz\/doplnkove-sluzby\/#breadcrumb","itemListElement":[{"@type":"ListItem","position":1,"name":"Home","item":"https:\/\/depocarsandcoffee.cz\/"},{"@type":"ListItem","position":2,"name":"Dopl\u0148kov\u00e9 slu\u017eby"}]},{"@type":"WebSite","@id":"https:\/\/depocarsandcoffee.cz\/#website","url":"https:\/\/depocarsandcoffee.cz\/","name":"DEPO Cars & Coffee","description":"Your one stop for everything cars.","publisher":{"@id":"https:\/\/depocarsandcoffee.cz\/#organization"},"potentialAction":[{"@type":"SearchAction","target":{"@type":"EntryPoint","urlTemplate":"https:\/\/depocarsandcoffee.cz\/?s={search_term_string}"},"query-input":{"@type":"PropertyValueSpecification","valueRequired":true,"valueName":"search_term_string"}}],"inLanguage":"en-US"},{"@type":"Organization","@id":"https:\/\/depocarsandcoffee.cz\/#organization","name":"DEPO Cars & Coffee","url":"https:\/\/depocarsandcoffee.cz\/","logo":{"@type":"ImageObject","inLanguage":"en-US","@id":"https:\/\/depocarsandcoffee.cz\/#\/schema\/logo\/image\/","url":"https:\/\/depocarsandcoffee.cz\/wp-content\/uploads\/2023\/01\/Primarni-logo@2x.png","contentUrl":"https:\/\/depocarsandcoffee.cz\/wp-content\/uploads\/2023\/01\/Primarni-logo@2x.png","width":409,"height":409,"caption":"DEPO Cars & Coffee"},"image":{"@id":"https:\/\/depocarsandcoffee.cz\/#\/schema\/logo\/image\/"},"sameAs":["http:\/\/instagram.com\/depocarscoffee","https:\/\/www.youtube.com\/channel\/UC21C7JYLMp2jwrSVcU3cbPg"]}]}},"_links":{"self":[{"href":"https:\/\/depocarsandcoffee.cz\/en\/wp-json\/wp\/v2\/pages\/241951","targetHints":{"allow":["GET"]}}],"collection":[{"href":"https:\/\/depocarsandcoffee.cz\/en\/wp-json\/wp\/v2\/pages"}],"about":[{"href":"https:\/\/depocarsandcoffee.cz\/en\/wp-json\/wp\/v2\/types\/page"}],"author":[{"embeddable":true,"href":"https:\/\/depocarsandcoffee.cz\/en\/wp-json\/wp\/v2\/users\/1"}],"replies":[{"embeddable":true,"href":"https:\/\/depocarsandcoffee.cz\/en\/wp-json\/wp\/v2\/comments?post=241951"}],"version-history":[{"count":6,"href":"https:\/\/depocarsandcoffee.cz\/en\/wp-json\/wp\/v2\/pages\/241951\/revisions"}],"predecessor-version":[{"id":242568,"href":"https:\/\/depocarsandcoffee.cz\/en\/wp-json\/wp\/v2\/pages\/241951\/revisions\/242568"}],"wp:attachment":[{"href":"https:\/\/depocarsandcoffee.cz\/en\/wp-json\/wp\/v2\/media?parent=241951"}],"curies":[{"name":"wp","href":"https:\/\/api.w.org\/{rel}","templated":true}]}}