{"id":242094,"date":"2023-10-31T10:28:39","date_gmt":"2023-10-31T10:28:39","guid":{"rendered":"https:\/\/depocarsandcoffee.cz\/?page_id=242094"},"modified":"2024-01-02T13:57:47","modified_gmt":"2024-01-02T13:57:47","slug":"pneuservis","status":"publish","type":"page","link":"https:\/\/depocarsandcoffee.cz\/en\/autoservis\/pneuservis\/","title":{"rendered":"TIRE SERVICE"},"content":{"rendered":"<p>[et_pb_section fb_built=&#8220;1&#8243; fullwidth=&#8220;on&#8220; _builder_version=&#8220;4.22.1&#8243; _dynamic_attributes=&#8220;background_image&#8220; _module_preset=&#8220;default&#8220; background_color=&#8220;#FFFFFF&#8220; use_background_color_gradient=&#8220;on&#8220; background_color_gradient_stops=&#8220;rgba(0,0,0,0.36) 0%|rgba(0,0,0,0.36) 100%&#8220; background_color_gradient_overlays_image=&#8220;on&#8220; background_image=&#8220;@ET-DC@eyJkeW5hbWljIjp0cnVlLCJjb250ZW50IjoicG9zdF9mZWF0dXJlZF9pbWFnZSIsInNldHRpbmdzIjp7fX0=@&#8220; custom_padding=&#8220;||||false|false&#8220; locked=&#8220;off&#8220; global_colors_info=&#8220;{}&#8220;][et_pb_fullwidth_header title=&#8220;@ET-DC@eyJkeW5hbWljIjp0cnVlLCJjb250ZW50IjoicG9zdF90aXRsZSIsInNldHRpbmdzIjp7ImJlZm9yZSI6IiIsImFmdGVyIjoiIn19@&#8220; text_orientation=&#8220;center&#8220; button_one_text=&#8220;Objednejte se&#8220; button_one_url=&#8220;https:\/\/depocarsandcoffee.cz\/kontakt\/&#8220; content_max_width=&#8220;40%&#8220; content_max_width_tablet=&#8220;80%&#8220; content_max_width_phone=&#8220;100%&#8220; content_max_width_last_edited=&#8220;on|phone&#8220; _builder_version=&#8220;4.23.4&#8243; _dynamic_attributes=&#8220;title&#8220; _module_preset=&#8220;default&#8220; title_font=&#8220;Barlow Condensed|800|||||||&#8220; title_text_color=&#8220;#FFFFFF&#8220; title_font_size=&#8220;50px&#8220; title_letter_spacing=&#8220;1px&#8220; title_line_height=&#8220;1.2em&#8220; content_font=&#8220;Barlow||||||||&#8220; content_text_color=&#8220;#FFFFFF&#8220; content_font_size=&#8220;19px&#8220; content_line_height=&#8220;1.8em&#8220; subhead_text_color=&#8220;#000000&#8243; background_enable_color=&#8220;off&#8220; background_enable_image=&#8220;off&#8220; custom_button_one=&#8220;on&#8220; button_one_bg_color=&#8220;#2626fd&#8220; position_origin_f=&#8220;center_center&#8220; width=&#8220;100%&#8220; min_height=&#8220;60vh&#8220; custom_padding=&#8220;150px||||false|false&#8220; animation_style=&#8220;slide&#8220; animation_direction=&#8220;bottom&#8220; animation_intensity_slide=&#8220;5%&#8220; custom_css_main_element=&#8220;display: flex;&#8220; global_colors_info=&#8220;{}&#8220;]<\/p>\n<p>Ceny ji\u017e od 1 500,- K\u010d<\/p>\n<p>[\/et_pb_fullwidth_header][\/et_pb_section][et_pb_section fb_built=&#8220;1&#8243; module_id=&#8220;sluzby_serv&#8220; _builder_version=&#8220;4.20.0&#8243; _module_preset=&#8220;default&#8220; global_colors_info=&#8220;{}&#8220;][et_pb_row column_structure=&#8220;3_4,1_4&#8243; _builder_version=&#8220;4.20.0&#8243; _module_preset=&#8220;default&#8220; locked=&#8220;off&#8220; global_colors_info=&#8220;{}&#8220;][et_pb_column type=&#8220;3_4&#8243; _builder_version=&#8220;4.20.0&#8243; _module_preset=&#8220;default&#8220; custom_padding=&#8220;|25px|||false|false&#8220; border_width_right=&#8220;1px&#8220; border_color_right=&#8220;rgba(139,134,128,0.23)&#8220; global_colors_info=&#8220;{}&#8220;][et_pb_text ul_type=&#8220;circle&#8220; ul_item_indent=&#8220;30px&#8220; _builder_version=&#8220;4.23&#8243; _module_preset=&#8220;default&#8220; text_font_size=&#8220;17px&#8220; text_line_height=&#8220;1.8em&#8220; ul_font_size=&#8220;17px&#8220; ul_line_height=&#8220;2.3em&#8220; header_font=&#8220;|800|||||||&#8220; header_text_align=&#8220;left&#8220; header_font_size=&#8220;35px&#8220; header_letter_spacing=&#8220;1px&#8220; header_line_height=&#8220;1.4em&#8220; locked=&#8220;off&#8220; global_colors_info=&#8220;{}&#8220;]<\/p>\n<h1>Nab\u00edz\u00edme<\/h1>\n<p>K p\u0159ezouv\u00e1n\u00ed pneumatik a vyva\u017eov\u00e1n\u00ed kol pou\u017e\u00edv\u00e1me \u0161pi\u010dkovou italskou techniku Ravaglioli. Na\u0161i pro\u0161kolen\u00ed technici dbaj\u00ed na precizn\u011b odvedenou pr\u00e1ci bez nadm\u011brn\u00e9ho nam\u00e1h\u00e1n\u00ed pneumatik a disk\u016f p\u0159i p\u0159ezouv\u00e1n\u00ed. Samoz\u0159ejmost\u00ed je p\u0159esn\u00e9 vyv\u00e1\u017een\u00ed a detaily, jako nap\u0159\u00edklad \u010dern\u00e1 z\u00e1va\u017e\u00ed na tmav\u011b lakovan\u00e9 disky. B\u011b\u017en\u011b p\u0159ezouv\u00e1me nadstandardn\u00ed rozm\u011bry disk\u016f s n\u00edzkoprofilov\u00fdmi pneumatikami.<\/p>\n<p>&nbsp;<\/p>\n<ul>\n<li>Prodej pneumatik<\/li>\n<li>P\u0159ezut\u00ed v\u010detn\u011b nizkoprofilov\u00fdch a RFT pneumatik<\/li>\n<li>Opravy pneumatik<\/li>\n<li>Instalace a nastaven\u00ed TMPS senzor\u016f<\/li>\n<li>Prodej lit\u00fdch a ocelov\u00fdch disk\u016f<\/li>\n<li>Sez\u00f3nn\u00ed uskladn\u011bn\u00ed pneumatik<\/li>\n<li>Ekologick\u00e1 likvidace star\u00fdch pneumatik\n<\/li>\n<\/ul>\n<p>[\/et_pb_text][\/et_pb_column][et_pb_column type=&#8220;1_4&#8243; _builder_version=&#8220;4.19.4&#8243; _module_preset=&#8220;default&#8220; global_colors_info=&#8220;{}&#8220;][et_pb_text _builder_version=&#8220;4.20.0&#8243; _module_preset=&#8220;default&#8220; header_2_font=&#8220;|700|||||||&#8220; global_colors_info=&#8220;{}&#8220;]<\/p>\n<h2>Dal\u0161\u00ed slu\u017eby:<\/h2>\n<p>[\/et_pb_text][et_pb_blurb title=&#8220;Geometrie&#8220; url=&#8220;https:\/\/depocarsandcoffee.cz\/autoservis\/podvozkove-systemy-a-geometrie\/&#8220; image=&#8220;https:\/\/depocarsandcoffee.cz\/wp-content\/uploads\/2023\/09\/geometrie@3x-8.png&#8220; image_icon_width=&#8220;45px&#8220; content_max_width=&#8220;100%&#8220; _builder_version=&#8220;4.23&#8243; _module_preset=&#8220;default&#8220; header_font=&#8220;|700|||||||&#8220; header_text_align=&#8220;center&#8220; header_text_color=&#8220;#000000&#8243; body_text_align=&#8220;center&#8220; image_icon_custom_margin=&#8220;0px||0px|1px|false|false&#8220; image_icon_custom_padding=&#8220;0px|0px|0px|0px|true|true&#8220; custom_padding=&#8220;15px|15px|15px|10px|true|false&#8220; link_option_url=&#8220;https:\/\/depocarsandcoffee.cz\/autoservis\/podvozkove-systemy-a-geometrie\/&#8220; border_radii=&#8220;on|20px|20px|20px|20px&#8220; box_shadow_style=&#8220;preset2&#8243; box_shadow_color=&#8220;rgba(0,0,0,0.1)&#8220; locked=&#8220;off&#8220; global_colors_info=&#8220;{}&#8220; transform_styles__hover_enabled=&#8220;on|hover&#8220; transform_scale__hover_enabled=&#8220;on|hover&#8220; transform_translate__hover_enabled=&#8220;on|desktop&#8220; transform_rotate__hover_enabled=&#8220;on|desktop&#8220; transform_skew__hover_enabled=&#8220;on|desktop&#8220; transform_origin__hover_enabled=&#8220;on|desktop&#8220; transform_scale__hover=&#8220;105%|105%&#8220;]<\/p>\n<p>Perfektn\u00ed kondice podvozku je kl\u00ed\u010dov\u00e1 pro p\u0159edv\u00eddateln\u00e9 j\u00edzdn\u00ed vlastnosti i bezpe\u010dnost. <\/p>\n<p>[\/et_pb_blurb][et_pb_blurb title=&#8220;Brzdov\u00e9 syst\u00e9my&#8220; url=&#8220;https:\/\/depocarsandcoffee.cz\/autoservis\/brzdove-systemy\/&#8220; image=&#8220;https:\/\/depocarsandcoffee.cz\/wp-content\/uploads\/2023\/09\/brzdove-systemy.png&#8220; image_icon_width=&#8220;45px&#8220; content_max_width=&#8220;100%&#8220; _builder_version=&#8220;4.23&#8243; _module_preset=&#8220;default&#8220; header_font=&#8220;|700|||||||&#8220; header_text_align=&#8220;center&#8220; header_text_color=&#8220;#000000&#8243; body_text_align=&#8220;center&#8220; image_icon_custom_margin=&#8220;0px||0px|1px|false|false&#8220; image_icon_custom_padding=&#8220;0px|0px|0px|0px|true|true&#8220; custom_padding=&#8220;15px|15px|15px|10px|true|false&#8220; link_option_url=&#8220;https:\/\/depocarsandcoffee.cz\/autoservis\/brzdove-systemy\/&#8220; border_radii=&#8220;on|20px|20px|20px|20px&#8220; box_shadow_style=&#8220;preset2&#8243; box_shadow_color=&#8220;rgba(0,0,0,0.1)&#8220; locked=&#8220;off&#8220; global_colors_info=&#8220;{}&#8220; transform_styles__hover_enabled=&#8220;on|hover&#8220; transform_scale__hover_enabled=&#8220;on|hover&#8220; transform_translate__hover_enabled=&#8220;on|desktop&#8220; transform_rotate__hover_enabled=&#8220;on|desktop&#8220; transform_skew__hover_enabled=&#8220;on|desktop&#8220; transform_origin__hover_enabled=&#8220;on|desktop&#8220; transform_scale__hover=&#8220;105%|105%&#8220;]<\/p>\n<p>Pou\u017e\u00edv\u00e1me pouze OEM d\u00edly nebo vy\u0161\u0161\u00ed \u0159ady renomovan\u00fdch v\u00fdrobc\u016f BREMBO, ATE a dal\u0161\u00edch.<\/p>\n<p>[\/et_pb_blurb][\/et_pb_column][\/et_pb_row][\/et_pb_section][et_pb_section fb_built=&#8220;1&#8243; disabled_on=&#8220;off|off|off&#8220; _builder_version=&#8220;4.22.1&#8243; _module_preset=&#8220;default&#8220; custom_padding=&#8220;50px||0px||false|false&#8220; global_colors_info=&#8220;{}&#8220;][et_pb_row column_structure=&#8220;1_3,1_3,1_3&#8243; make_equal=&#8220;on&#8220; _builder_version=&#8220;4.22.1&#8243; _module_preset=&#8220;default&#8220; width=&#8220;85%&#8220; max_width=&#8220;2520px&#8220; global_colors_info=&#8220;{}&#8220;][et_pb_column type=&#8220;1_3&#8243; disabled_on=&#8220;on|on|off&#8220; _builder_version=&#8220;4.22.1&#8243; _module_preset=&#8220;default&#8220; vertical_offset=&#8220;-50px&#8220; vertical_offset_tablet=&#8220;0px&#8220; vertical_offset_phone=&#8220;0px&#8220; vertical_offset_last_edited=&#8220;on|phone&#8220; global_colors_info=&#8220;{}&#8220;][et_pb_image src=&#8220;https:\/\/depocarsandcoffee.cz\/wp-content\/uploads\/2024\/01\/DZ7_6545_R.jpg&#8220; title_text=&#8220;DZ7_6545_R&#8220; _builder_version=&#8220;4.23.4&#8243; _module_preset=&#8220;default&#8220; scroll_vertical_motion_enable=&#8220;on&#8220; scroll_vertical_motion=&#8220;40|50|50|60|0.25|0|-0.25&#8243; hover_enabled=&#8220;0&#8243; scroll_vertical_motion_tablet=&#8220;35|50|50|65|0.5|0|-0.5&#8243; scroll_vertical_motion_phone=&#8220;35|50|50|65|0.5|0|-0.5&#8243; scroll_vertical_motion_last_edited=&#8220;on|phone&#8220; border_radii=&#8220;on|20px|20px|20px|20px&#8220; box_shadow_style=&#8220;preset2&#8243; box_shadow_color=&#8220;rgba(0,0,0,0.1)&#8220; global_colors_info=&#8220;{}&#8220; sticky_enabled=&#8220;0&#8243;][\/et_pb_image][\/et_pb_column][et_pb_column type=&#8220;1_3&#8243; _builder_version=&#8220;4.22.1&#8243; _module_preset=&#8220;default&#8220; vertical_offset=&#8220;-60px&#8220; global_colors_info=&#8220;{}&#8220;][et_pb_image src=&#8220;https:\/\/depocarsandcoffee.cz\/wp-content\/uploads\/2024\/01\/DZ7_6584_R.jpg&#8220; title_text=&#8220;DZ7_6584_R&#8220; _builder_version=&#8220;4.23.4&#8243; _module_preset=&#8220;default&#8220; scroll_vertical_motion_enable=&#8220;on&#8220; scroll_vertical_motion=&#8220;40|50|50|60|-0.25|0|0.25&#8243; hover_enabled=&#8220;0&#8243; border_radii=&#8220;on|20px|20px|20px|20px&#8220; box_shadow_style=&#8220;preset2&#8243; box_shadow_color=&#8220;rgba(0,0,0,0.1)&#8220; global_colors_info=&#8220;{}&#8220; sticky_enabled=&#8220;0&#8243;][\/et_pb_image][\/et_pb_column][et_pb_column type=&#8220;1_3&#8243; disabled_on=&#8220;on|on|off&#8220; _builder_version=&#8220;4.22.1&#8243; _module_preset=&#8220;default&#8220; vertical_offset=&#8220;-50px&#8220; vertical_offset_tablet=&#8220;0px&#8220; vertical_offset_phone=&#8220;0px&#8220; vertical_offset_last_edited=&#8220;on|phone&#8220; global_colors_info=&#8220;{}&#8220;][et_pb_image src=&#8220;https:\/\/depocarsandcoffee.cz\/wp-content\/uploads\/2024\/01\/DZ7_6693_R.jpg&#8220; title_text=&#8220;DZ7_6693_R&#8220; _builder_version=&#8220;4.23.4&#8243; _module_preset=&#8220;default&#8220; scroll_vertical_motion_enable=&#8220;on&#8220; scroll_vertical_motion=&#8220;40|50|50|60|0.25|0|-0.25&#8243; hover_enabled=&#8220;0&#8243; border_radii=&#8220;on|20px|20px|20px|20px&#8220; box_shadow_style=&#8220;preset2&#8243; box_shadow_color=&#8220;rgba(0,0,0,0.1)&#8220; global_colors_info=&#8220;{}&#8220; sticky_enabled=&#8220;0&#8243;][\/et_pb_image][\/et_pb_column][\/et_pb_row][\/et_pb_section][et_pb_section fb_built=&#8220;1&#8243; module_id=&#8220;sluzby_serv&#8220; _builder_version=&#8220;4.20.0&#8243; _module_preset=&#8220;default&#8220; global_colors_info=&#8220;{}&#8220;][et_pb_row _builder_version=&#8220;4.20.0&#8243; _module_preset=&#8220;default&#8220; locked=&#8220;off&#8220; global_colors_info=&#8220;{}&#8220;][et_pb_column type=&#8220;4_4&#8243; _builder_version=&#8220;4.20.0&#8243; _module_preset=&#8220;default&#8220; custom_padding=&#8220;|25px|||false|false&#8220; border_color_right=&#8220;rgba(139,134,128,0.23)&#8220; global_colors_info=&#8220;{}&#8220;][et_pb_text ul_type=&#8220;circle&#8220; ul_item_indent=&#8220;30px&#8220; _builder_version=&#8220;4.23&#8243; _module_preset=&#8220;default&#8220; text_font_size=&#8220;17px&#8220; text_line_height=&#8220;1.8em&#8220; ul_font_size=&#8220;17px&#8220; ul_line_height=&#8220;2.3em&#8220; header_font=&#8220;|800|||||||&#8220; header_text_align=&#8220;left&#8220; header_font_size=&#8220;35px&#8220; header_letter_spacing=&#8220;1px&#8220; header_line_height=&#8220;1.4em&#8220; locked=&#8220;off&#8220; global_colors_info=&#8220;{}&#8220;]<\/p>\n<h1>Detaily slu\u017eby<\/h1>\n<p>Po instalaci nov\u00fdch a kvalitn\u00edch pneumatik se m\u016f\u017eete na t\u011b\u0161it lep\u0161\u00ed ovladatelnost, zv\u00fd\u0161enou adhezi, v\u00fdrazn\u011b lep\u0161\u00ed schopnosti na mokru, ni\u017e\u0161\u00ed hluk i spot\u0159ebu paliva a v neposledn\u00ed \u0159ad\u011b vy\u0161\u0161\u00ed bezpe\u010dnost. Letn\u00ed pneumatiky doporu\u010dujeme m\u011bnit v\u017edy za zimn\u00ed bu\u010fto podle z\u00e1konem p\u0159edepsan\u00fdch \u010dasov\u00fdch interval\u016f, nebo pokud venkovn\u00ed teploty klesnou dlouhodob\u011b pod 7 stup\u0148\u016f. P\u0159ezouv\u00e1n\u00ed pneumatik je v\u017edy mo\u017en\u00e9 napl\u00e1novat a spojit nap\u0159\u00edklad s garan\u010dn\u00ed prohl\u00eddkou, opravou brzd nebo zprost\u0159edkov\u00e1n\u00edm STK.<\/p>\n<p>[\/et_pb_text][\/et_pb_column][\/et_pb_row][\/et_pb_section]<\/p>\n","protected":false},"excerpt":{"rendered":"<p>Ceny ji\u017e od 1 500,- K\u010dNab\u00edz\u00edme K p\u0159ezouv\u00e1n\u00ed pneumatik a vyva\u017eov\u00e1n\u00ed kol pou\u017e\u00edv\u00e1me \u0161pi\u010dkovou italskou techniku Ravaglioli. Na\u0161i pro\u0161kolen\u00ed technici dbaj\u00ed na precizn\u011b odvedenou pr\u00e1ci bez nadm\u011brn\u00e9ho nam\u00e1h\u00e1n\u00ed pneumatik a disk\u016f p\u0159i p\u0159ezouv\u00e1n\u00ed. Samoz\u0159ejmost\u00ed je p\u0159esn\u00e9 vyv\u00e1\u017een\u00ed a detaily, jako nap\u0159\u00edklad \u010dern\u00e1 z\u00e1va\u017e\u00ed na tmav\u011b lakovan\u00e9 disky. B\u011b\u017en\u011b p\u0159ezouv\u00e1me nadstandardn\u00ed rozm\u011bry disk\u016f s n\u00edzkoprofilov\u00fdmi pneumatikami. [&hellip;]<\/p>\n","protected":false},"author":1,"featured_media":242141,"parent":241881,"menu_order":0,"comment_status":"closed","ping_status":"closed","template":"","meta":{"_et_pb_use_builder":"on","_et_pb_old_content":"","_et_gb_content_width":"","footnotes":""},"class_list":["post-242094","page","type-page","status-publish","has-post-thumbnail","hentry"],"yoast_head":"<!-- This site is optimized with the Yoast SEO plugin v27.0 - https:\/\/yoast.com\/product\/yoast-seo-wordpress\/ -->\n<title>PNEUSERVIS - DEPO Cars &amp; Coffee<\/title>\n<meta name=\"robots\" content=\"index, follow, max-snippet:-1, max-image-preview:large, max-video-preview:-1\" \/>\n<link rel=\"canonical\" href=\"https:\/\/depocarsandcoffee.cz\/en\/autoservis\/pneuservis\/\" \/>\n<meta property=\"og:locale\" content=\"en_US\" \/>\n<meta property=\"og:type\" content=\"article\" \/>\n<meta property=\"og:title\" content=\"PNEUSERVIS - DEPO Cars &amp; Coffee\" \/>\n<meta property=\"og:description\" content=\"Ceny ji\u017e od 1 500,- K\u010dNab\u00edz\u00edme K p\u0159ezouv\u00e1n\u00ed pneumatik a vyva\u017eov\u00e1n\u00ed kol pou\u017e\u00edv\u00e1me \u0161pi\u010dkovou italskou techniku Ravaglioli. Na\u0161i pro\u0161kolen\u00ed technici dbaj\u00ed na precizn\u011b odvedenou pr\u00e1ci bez nadm\u011brn\u00e9ho nam\u00e1h\u00e1n\u00ed pneumatik a disk\u016f p\u0159i p\u0159ezouv\u00e1n\u00ed. Samoz\u0159ejmost\u00ed je p\u0159esn\u00e9 vyv\u00e1\u017een\u00ed a detaily, jako nap\u0159\u00edklad \u010dern\u00e1 z\u00e1va\u017e\u00ed na tmav\u011b lakovan\u00e9 disky. B\u011b\u017en\u011b p\u0159ezouv\u00e1me nadstandardn\u00ed rozm\u011bry disk\u016f s n\u00edzkoprofilov\u00fdmi pneumatikami. [&hellip;]\" \/>\n<meta property=\"og:url\" content=\"https:\/\/depocarsandcoffee.cz\/en\/autoservis\/pneuservis\/\" \/>\n<meta property=\"og:site_name\" content=\"DEPO Cars &amp; Coffee\" \/>\n<meta property=\"article:modified_time\" content=\"2024-01-02T13:57:47+00:00\" \/>\n<meta property=\"og:image\" content=\"https:\/\/depocarsandcoffee.cz\/wp-content\/uploads\/2023\/10\/DZ7_6600.jpg\" \/>\n\t<meta property=\"og:image:width\" content=\"1500\" \/>\n\t<meta property=\"og:image:height\" content=\"1000\" \/>\n\t<meta property=\"og:image:type\" content=\"image\/jpeg\" \/>\n<meta name=\"twitter:card\" content=\"summary_large_image\" \/>\n<meta name=\"twitter:label1\" content=\"Est. reading time\" \/>\n\t<meta name=\"twitter:data1\" content=\"7 minutes\" \/>\n<script type=\"application\/ld+json\" class=\"yoast-schema-graph\">{\"@context\":\"https:\/\/schema.org\",\"@graph\":[{\"@type\":\"WebPage\",\"@id\":\"https:\/\/depocarsandcoffee.cz\/autoservis\/pneuservis\/\",\"url\":\"https:\/\/depocarsandcoffee.cz\/autoservis\/pneuservis\/\",\"name\":\"PNEUSERVIS - DEPO Cars &amp; Coffee\",\"isPartOf\":{\"@id\":\"https:\/\/depocarsandcoffee.cz\/#website\"},\"primaryImageOfPage\":{\"@id\":\"https:\/\/depocarsandcoffee.cz\/autoservis\/pneuservis\/#primaryimage\"},\"image\":{\"@id\":\"https:\/\/depocarsandcoffee.cz\/autoservis\/pneuservis\/#primaryimage\"},\"thumbnailUrl\":\"https:\/\/depocarsandcoffee.cz\/wp-content\/uploads\/2023\/10\/DZ7_6600.jpg\",\"datePublished\":\"2023-10-31T10:28:39+00:00\",\"dateModified\":\"2024-01-02T13:57:47+00:00\",\"breadcrumb\":{\"@id\":\"https:\/\/depocarsandcoffee.cz\/autoservis\/pneuservis\/#breadcrumb\"},\"inLanguage\":\"en-US\",\"potentialAction\":[{\"@type\":\"ReadAction\",\"target\":[\"https:\/\/depocarsandcoffee.cz\/autoservis\/pneuservis\/\"]}]},{\"@type\":\"ImageObject\",\"inLanguage\":\"en-US\",\"@id\":\"https:\/\/depocarsandcoffee.cz\/autoservis\/pneuservis\/#primaryimage\",\"url\":\"https:\/\/depocarsandcoffee.cz\/wp-content\/uploads\/2023\/10\/DZ7_6600.jpg\",\"contentUrl\":\"https:\/\/depocarsandcoffee.cz\/wp-content\/uploads\/2023\/10\/DZ7_6600.jpg\",\"width\":1500,\"height\":1000,\"caption\":\"Pneuservis DEPO Cars & Coffee\"},{\"@type\":\"BreadcrumbList\",\"@id\":\"https:\/\/depocarsandcoffee.cz\/autoservis\/pneuservis\/#breadcrumb\",\"itemListElement\":[{\"@type\":\"ListItem\",\"position\":1,\"name\":\"Home\",\"item\":\"https:\/\/depocarsandcoffee.cz\/\"},{\"@type\":\"ListItem\",\"position\":2,\"name\":\"Autoservis\",\"item\":\"https:\/\/depocarsandcoffee.cz\/autoservis\/\"},{\"@type\":\"ListItem\",\"position\":3,\"name\":\"PNEUSERVIS\"}]},{\"@type\":\"WebSite\",\"@id\":\"https:\/\/depocarsandcoffee.cz\/#website\",\"url\":\"https:\/\/depocarsandcoffee.cz\/\",\"name\":\"DEPO Cars & Coffee\",\"description\":\"Your one stop for everything cars.\",\"publisher\":{\"@id\":\"https:\/\/depocarsandcoffee.cz\/#organization\"},\"potentialAction\":[{\"@type\":\"SearchAction\",\"target\":{\"@type\":\"EntryPoint\",\"urlTemplate\":\"https:\/\/depocarsandcoffee.cz\/?s={search_term_string}\"},\"query-input\":{\"@type\":\"PropertyValueSpecification\",\"valueRequired\":true,\"valueName\":\"search_term_string\"}}],\"inLanguage\":\"en-US\"},{\"@type\":\"Organization\",\"@id\":\"https:\/\/depocarsandcoffee.cz\/#organization\",\"name\":\"DEPO Cars & Coffee\",\"url\":\"https:\/\/depocarsandcoffee.cz\/\",\"logo\":{\"@type\":\"ImageObject\",\"inLanguage\":\"en-US\",\"@id\":\"https:\/\/depocarsandcoffee.cz\/#\/schema\/logo\/image\/\",\"url\":\"https:\/\/depocarsandcoffee.cz\/wp-content\/uploads\/2023\/01\/Primarni-logo@2x.png\",\"contentUrl\":\"https:\/\/depocarsandcoffee.cz\/wp-content\/uploads\/2023\/01\/Primarni-logo@2x.png\",\"width\":409,\"height\":409,\"caption\":\"DEPO Cars & Coffee\"},\"image\":{\"@id\":\"https:\/\/depocarsandcoffee.cz\/#\/schema\/logo\/image\/\"},\"sameAs\":[\"http:\/\/instagram.com\/depocarscoffee\",\"https:\/\/www.youtube.com\/channel\/UC21C7JYLMp2jwrSVcU3cbPg\"]}]}<\/script>\n<!-- \/ Yoast SEO plugin. -->","yoast_head_json":{"title":"PNEUSERVIS - DEPO Cars &amp; Coffee","robots":{"index":"index","follow":"follow","max-snippet":"max-snippet:-1","max-image-preview":"max-image-preview:large","max-video-preview":"max-video-preview:-1"},"canonical":"https:\/\/depocarsandcoffee.cz\/en\/autoservis\/pneuservis\/","og_locale":"en_US","og_type":"article","og_title":"PNEUSERVIS - DEPO Cars &amp; Coffee","og_description":"Ceny ji\u017e od 1 500,- K\u010dNab\u00edz\u00edme K p\u0159ezouv\u00e1n\u00ed pneumatik a vyva\u017eov\u00e1n\u00ed kol pou\u017e\u00edv\u00e1me \u0161pi\u010dkovou italskou techniku Ravaglioli. Na\u0161i pro\u0161kolen\u00ed technici dbaj\u00ed na precizn\u011b odvedenou pr\u00e1ci bez nadm\u011brn\u00e9ho nam\u00e1h\u00e1n\u00ed pneumatik a disk\u016f p\u0159i p\u0159ezouv\u00e1n\u00ed. Samoz\u0159ejmost\u00ed je p\u0159esn\u00e9 vyv\u00e1\u017een\u00ed a detaily, jako nap\u0159\u00edklad \u010dern\u00e1 z\u00e1va\u017e\u00ed na tmav\u011b lakovan\u00e9 disky. B\u011b\u017en\u011b p\u0159ezouv\u00e1me nadstandardn\u00ed rozm\u011bry disk\u016f s n\u00edzkoprofilov\u00fdmi pneumatikami. [&hellip;]","og_url":"https:\/\/depocarsandcoffee.cz\/en\/autoservis\/pneuservis\/","og_site_name":"DEPO Cars &amp; Coffee","article_modified_time":"2024-01-02T13:57:47+00:00","og_image":[{"width":1500,"height":1000,"url":"https:\/\/depocarsandcoffee.cz\/wp-content\/uploads\/2023\/10\/DZ7_6600.jpg","type":"image\/jpeg"}],"twitter_card":"summary_large_image","twitter_misc":{"Est. reading time":"7 minutes"},"schema":{"@context":"https:\/\/schema.org","@graph":[{"@type":"WebPage","@id":"https:\/\/depocarsandcoffee.cz\/autoservis\/pneuservis\/","url":"https:\/\/depocarsandcoffee.cz\/autoservis\/pneuservis\/","name":"PNEUSERVIS - DEPO Cars &amp; Coffee","isPartOf":{"@id":"https:\/\/depocarsandcoffee.cz\/#website"},"primaryImageOfPage":{"@id":"https:\/\/depocarsandcoffee.cz\/autoservis\/pneuservis\/#primaryimage"},"image":{"@id":"https:\/\/depocarsandcoffee.cz\/autoservis\/pneuservis\/#primaryimage"},"thumbnailUrl":"https:\/\/depocarsandcoffee.cz\/wp-content\/uploads\/2023\/10\/DZ7_6600.jpg","datePublished":"2023-10-31T10:28:39+00:00","dateModified":"2024-01-02T13:57:47+00:00","breadcrumb":{"@id":"https:\/\/depocarsandcoffee.cz\/autoservis\/pneuservis\/#breadcrumb"},"inLanguage":"en-US","potentialAction":[{"@type":"ReadAction","target":["https:\/\/depocarsandcoffee.cz\/autoservis\/pneuservis\/"]}]},{"@type":"ImageObject","inLanguage":"en-US","@id":"https:\/\/depocarsandcoffee.cz\/autoservis\/pneuservis\/#primaryimage","url":"https:\/\/depocarsandcoffee.cz\/wp-content\/uploads\/2023\/10\/DZ7_6600.jpg","contentUrl":"https:\/\/depocarsandcoffee.cz\/wp-content\/uploads\/2023\/10\/DZ7_6600.jpg","width":1500,"height":1000,"caption":"Pneuservis DEPO Cars & Coffee"},{"@type":"BreadcrumbList","@id":"https:\/\/depocarsandcoffee.cz\/autoservis\/pneuservis\/#breadcrumb","itemListElement":[{"@type":"ListItem","position":1,"name":"Home","item":"https:\/\/depocarsandcoffee.cz\/"},{"@type":"ListItem","position":2,"name":"Autoservis","item":"https:\/\/depocarsandcoffee.cz\/autoservis\/"},{"@type":"ListItem","position":3,"name":"PNEUSERVIS"}]},{"@type":"WebSite","@id":"https:\/\/depocarsandcoffee.cz\/#website","url":"https:\/\/depocarsandcoffee.cz\/","name":"DEPO Cars & Coffee","description":"Your one stop for everything cars.","publisher":{"@id":"https:\/\/depocarsandcoffee.cz\/#organization"},"potentialAction":[{"@type":"SearchAction","target":{"@type":"EntryPoint","urlTemplate":"https:\/\/depocarsandcoffee.cz\/?s={search_term_string}"},"query-input":{"@type":"PropertyValueSpecification","valueRequired":true,"valueName":"search_term_string"}}],"inLanguage":"en-US"},{"@type":"Organization","@id":"https:\/\/depocarsandcoffee.cz\/#organization","name":"DEPO Cars & Coffee","url":"https:\/\/depocarsandcoffee.cz\/","logo":{"@type":"ImageObject","inLanguage":"en-US","@id":"https:\/\/depocarsandcoffee.cz\/#\/schema\/logo\/image\/","url":"https:\/\/depocarsandcoffee.cz\/wp-content\/uploads\/2023\/01\/Primarni-logo@2x.png","contentUrl":"https:\/\/depocarsandcoffee.cz\/wp-content\/uploads\/2023\/01\/Primarni-logo@2x.png","width":409,"height":409,"caption":"DEPO Cars & Coffee"},"image":{"@id":"https:\/\/depocarsandcoffee.cz\/#\/schema\/logo\/image\/"},"sameAs":["http:\/\/instagram.com\/depocarscoffee","https:\/\/www.youtube.com\/channel\/UC21C7JYLMp2jwrSVcU3cbPg"]}]}},"_links":{"self":[{"href":"https:\/\/depocarsandcoffee.cz\/en\/wp-json\/wp\/v2\/pages\/242094","targetHints":{"allow":["GET"]}}],"collection":[{"href":"https:\/\/depocarsandcoffee.cz\/en\/wp-json\/wp\/v2\/pages"}],"about":[{"href":"https:\/\/depocarsandcoffee.cz\/en\/wp-json\/wp\/v2\/types\/page"}],"author":[{"embeddable":true,"href":"https:\/\/depocarsandcoffee.cz\/en\/wp-json\/wp\/v2\/users\/1"}],"replies":[{"embeddable":true,"href":"https:\/\/depocarsandcoffee.cz\/en\/wp-json\/wp\/v2\/comments?post=242094"}],"version-history":[{"count":10,"href":"https:\/\/depocarsandcoffee.cz\/en\/wp-json\/wp\/v2\/pages\/242094\/revisions"}],"predecessor-version":[{"id":242654,"href":"https:\/\/depocarsandcoffee.cz\/en\/wp-json\/wp\/v2\/pages\/242094\/revisions\/242654"}],"up":[{"embeddable":true,"href":"https:\/\/depocarsandcoffee.cz\/en\/wp-json\/wp\/v2\/pages\/241881"}],"wp:featuredmedia":[{"embeddable":true,"href":"https:\/\/depocarsandcoffee.cz\/en\/wp-json\/wp\/v2\/media\/242141"}],"wp:attachment":[{"href":"https:\/\/depocarsandcoffee.cz\/en\/wp-json\/wp\/v2\/media?parent=242094"}],"curies":[{"name":"wp","href":"https:\/\/api.w.org\/{rel}","templated":true}]}}