{"id":242298,"date":"2023-12-02T10:01:52","date_gmt":"2023-12-02T10:01:52","guid":{"rendered":"https:\/\/depocarsandcoffee.cz\/?page_id=242298"},"modified":"2023-12-31T18:09:48","modified_gmt":"2023-12-31T18:09:48","slug":"podvozkove-systemy","status":"publish","type":"page","link":"https:\/\/depocarsandcoffee.cz\/en\/performance\/podvozkove-systemy\/","title":{"rendered":"CHASSIS SYSTEMS"},"content":{"rendered":"<p>[et_pb_section fb_built=&#8220;1&#8243; fullwidth=&#8220;on&#8220; _builder_version=&#8220;4.22.1&#8243; _dynamic_attributes=&#8220;background_image&#8220; _module_preset=&#8220;default&#8220; background_color=&#8220;#FFFFFF&#8220; use_background_color_gradient=&#8220;on&#8220; background_color_gradient_stops=&#8220;rgba(0,0,0,0.36) 0%|rgba(0,0,0,0.36) 100%&#8220; background_color_gradient_overlays_image=&#8220;on&#8220; background_image=&#8220;@ET-DC@eyJkeW5hbWljIjp0cnVlLCJjb250ZW50IjoicG9zdF9mZWF0dXJlZF9pbWFnZSIsInNldHRpbmdzIjp7fX0=@&#8220; custom_padding=&#8220;||||false|false&#8220; locked=&#8220;off&#8220; global_colors_info=&#8220;{}&#8220;][et_pb_fullwidth_header title=&#8220;@ET-DC@eyJkeW5hbWljIjp0cnVlLCJjb250ZW50IjoicG9zdF90aXRsZSIsInNldHRpbmdzIjp7ImJlZm9yZSI6IiIsImFmdGVyIjoiIn19@&#8220; text_orientation=&#8220;center&#8220; button_one_text=&#8220;Objednejte se&#8220; button_one_url=&#8220;https:\/\/depocarsandcoffee.cz\/kontakt\/&#8220; content_max_width=&#8220;40%&#8220; content_max_width_tablet=&#8220;80%&#8220; content_max_width_phone=&#8220;100%&#8220; content_max_width_last_edited=&#8220;on|phone&#8220; _builder_version=&#8220;4.23.4&#8243; _dynamic_attributes=&#8220;title&#8220; _module_preset=&#8220;default&#8220; title_font=&#8220;Barlow Condensed|800|||||||&#8220; title_text_color=&#8220;#FFFFFF&#8220; title_font_size=&#8220;50px&#8220; title_letter_spacing=&#8220;1px&#8220; title_line_height=&#8220;1.2em&#8220; content_font=&#8220;Barlow||||||||&#8220; content_text_color=&#8220;#FFFFFF&#8220; content_font_size=&#8220;19px&#8220; content_line_height=&#8220;1.8em&#8220; subhead_text_color=&#8220;#000000&#8243; background_enable_color=&#8220;off&#8220; background_enable_image=&#8220;off&#8220; custom_button_one=&#8220;on&#8220; button_one_bg_color=&#8220;#2626FD&#8220; position_origin_f=&#8220;center_center&#8220; width=&#8220;100%&#8220; min_height=&#8220;60vh&#8220; custom_padding=&#8220;150px||||false|false&#8220; animation_style=&#8220;slide&#8220; animation_direction=&#8220;bottom&#8220; animation_intensity_slide=&#8220;5%&#8220; hover_enabled=&#8220;0&#8243; custom_css_main_element=&#8220;display: flex;&#8220; global_colors_info=&#8220;{}&#8220; sticky_enabled=&#8220;0&#8243;]<\/p>\n<p>Ceny na vy\u017e\u00e1d\u00e1n\u00ed<\/p>\n<p>[\/et_pb_fullwidth_header][\/et_pb_section][et_pb_section fb_built=&#8220;1&#8243; module_id=&#8220;sluzby_serv&#8220; _builder_version=&#8220;4.20.0&#8243; _module_preset=&#8220;default&#8220; global_colors_info=&#8220;{}&#8220;][et_pb_row column_structure=&#8220;3_4,1_4&#8243; _builder_version=&#8220;4.20.0&#8243; _module_preset=&#8220;default&#8220; locked=&#8220;off&#8220; global_colors_info=&#8220;{}&#8220;][et_pb_column type=&#8220;3_4&#8243; _builder_version=&#8220;4.20.0&#8243; _module_preset=&#8220;default&#8220; custom_padding=&#8220;|25px|||false|false&#8220; border_width_right=&#8220;1px&#8220; border_color_right=&#8220;rgba(139,134,128,0.23)&#8220; global_colors_info=&#8220;{}&#8220;][et_pb_text ul_type=&#8220;circle&#8220; ul_item_indent=&#8220;30px&#8220; _builder_version=&#8220;4.23&#8243; _module_preset=&#8220;default&#8220; text_font_size=&#8220;17px&#8220; text_line_height=&#8220;1.8em&#8220; ul_font_size=&#8220;17px&#8220; ul_line_height=&#8220;2.3em&#8220; header_font=&#8220;|800|||||||&#8220; header_text_align=&#8220;left&#8220; header_font_size=&#8220;35px&#8220; header_letter_spacing=&#8220;1px&#8220; header_line_height=&#8220;1.4em&#8220; locked=&#8220;off&#8220; global_colors_info=&#8220;{}&#8220;]<\/p>\n<h1>Nab\u00edz\u00edme<\/h1>\n<p>Pokud chcete sv\u00e9 auto posunout na vy\u0161\u0161\u00ed level nebo jen p\u0159izp\u016fsobit sv\u00e9mu j\u00edzdn\u00edmu stylu, bude pravd\u011bpodobn\u011b v\u00fdm\u011bna pru\u017ein a tlumi\u010d\u016f jednou z prvn\u00edch mechanick\u00fdch \u00faprav. P\u0159ipravte se na to, \u017ee v oblasti podvozku nefunguj\u00ed kompromisy. Bu\u010fto je auto skv\u011bl\u00e9 na silnici, nebo na z\u00e1vodn\u00edm okruhu. Jednodu\u0161e nem\u016f\u017ee fungovat okruhov\u011b nastaven\u00fd podvozek s radik\u00e1ln\u00ed geometri\u00ed a kr\u00e1tk\u00fdm zdvihem tlumi\u010d\u016f na hrbolat\u00e9 okresce a naopak tlumi\u010de \u201erallyov\u00e9ho\u201c stylu v\u00e1m nedaj\u00ed dostatek zp\u011btn\u00e9 vazby a ostr\u00e9 reakce pro okruhov\u00e9 pou\u017eit\u00ed. <\/p>\n<p>&nbsp;<\/p>\n<ul>\n<li>Sportovn\u00ed podvozkov\u00e9 syst\u00e9my<\/li>\n<li>Profesion\u00e1ln\u00ed z\u00e1vodn\u00ed aplikace pro okruhy a rallye<\/li>\n<li>Zak\u00e1zkov\u00e1 v\u00fdroba podvozkov\u00fdch komponent\u016f<\/li>\n<li>Tlumi\u010de, pru\u017einy, ramena, polyuretan ulo\u017een\u00ed nebo unibal, stabiliz\u00e1tory<\/li>\n<li>D\u016fv\u011b\u0159ujeme zna\u010dk\u00e1m Sachs, KW, Bilstein, Reiger, \u00d6hlins a dal\u0161\u00edm\n<\/li>\n<\/ul>\n<p>[\/et_pb_text][\/et_pb_column][et_pb_column type=&#8220;1_4&#8243; _builder_version=&#8220;4.19.4&#8243; _module_preset=&#8220;default&#8220; global_colors_info=&#8220;{}&#8220;][et_pb_text _builder_version=&#8220;4.20.0&#8243; _module_preset=&#8220;default&#8220; header_2_font=&#8220;|700|||||||&#8220; global_colors_info=&#8220;{}&#8220;]<\/p>\n<h2>Dal\u0161\u00ed slu\u017eby:<\/h2>\n<p>[\/et_pb_text][et_pb_blurb title=&#8220;Brzdov\u00e9 syst\u00e9my&#8220; url=&#8220;https:\/\/depocarsandcoffee.cz\/performance\/brzdove-systemy\/&#8220; image=&#8220;https:\/\/depocarsandcoffee.cz\/wp-content\/uploads\/2023\/09\/brzdove-systemy.png&#8220; image_icon_width=&#8220;45px&#8220; content_max_width=&#8220;100%&#8220; _builder_version=&#8220;4.23.4&#8243; _module_preset=&#8220;default&#8220; header_font=&#8220;|700|||||||&#8220; header_text_align=&#8220;center&#8220; header_text_color=&#8220;#000000&#8243; body_text_align=&#8220;center&#8220; image_icon_custom_margin=&#8220;0px||0px|1px|false|false&#8220; image_icon_custom_padding=&#8220;0px|0px|0px|0px|true|true&#8220; custom_padding=&#8220;15px|15px|15px|10px|true|false&#8220; link_option_url=&#8220;https:\/\/depocarsandcoffee.cz\/performance\/brzdove-systemy\/&#8220; border_radii=&#8220;on|20px|20px|20px|20px&#8220; box_shadow_style=&#8220;preset2&#8243; box_shadow_color=&#8220;rgba(0,0,0,0.1)&#8220; locked=&#8220;off&#8220; global_colors_info=&#8220;{}&#8220; transform_styles__hover_enabled=&#8220;on|hover&#8220; transform_scale__hover_enabled=&#8220;on|hover&#8220; transform_translate__hover_enabled=&#8220;on|desktop&#8220; transform_rotate__hover_enabled=&#8220;on|desktop&#8220; transform_skew__hover_enabled=&#8220;on|desktop&#8220; transform_origin__hover_enabled=&#8220;on|desktop&#8220; transform_scale__hover=&#8220;105%|105%&#8220;]<\/p>\n<p>Pou\u017e\u00edv\u00e1me pouze OEM d\u00edly nebo vy\u0161\u0161\u00ed \u0159ady renomovan\u00fdch v\u00fdrobc\u016f BREMBO, ATE a dal\u0161\u00edch.<\/p>\n<p>[\/et_pb_blurb][et_pb_blurb title=&#8220;Geometrie&#8220; url=&#8220;https:\/\/depocarsandcoffee.cz\/performance\/geometrie\/&#8220; image=&#8220;https:\/\/depocarsandcoffee.cz\/wp-content\/uploads\/2023\/09\/geometrie@3x-8.png&#8220; image_icon_width=&#8220;45px&#8220; content_max_width=&#8220;100%&#8220; _builder_version=&#8220;4.23.4&#8243; _module_preset=&#8220;default&#8220; header_font=&#8220;|700|||||||&#8220; header_text_align=&#8220;center&#8220; header_text_color=&#8220;#000000&#8243; body_text_align=&#8220;center&#8220; image_icon_custom_margin=&#8220;0px||0px|1px|false|false&#8220; image_icon_custom_padding=&#8220;0px|0px|0px|0px|true|true&#8220; custom_padding=&#8220;15px|15px|15px|10px|true|false&#8220; link_option_url=&#8220;https:\/\/depocarsandcoffee.cz\/performance\/geometrie\/&#8220; border_radii=&#8220;on|20px|20px|20px|20px&#8220; box_shadow_style=&#8220;preset2&#8243; box_shadow_color=&#8220;rgba(0,0,0,0.1)&#8220; locked=&#8220;off&#8220; global_colors_info=&#8220;{}&#8220; transform_styles__hover_enabled=&#8220;on|hover&#8220; box_shadow_color__hover=&#8220;rgba(0,0,0,0.21)&#8220; box_shadow_color__hover_enabled=&#8220;on|hover&#8220; transform_scale__hover=&#8220;105%|105%&#8220; transform_scale__hover_enabled=&#8220;on|hover&#8220; transform_translate__hover_enabled=&#8220;on|desktop&#8220; transform_rotate__hover_enabled=&#8220;on|desktop&#8220; transform_skew__hover_enabled=&#8220;on|desktop&#8220; transform_origin__hover_enabled=&#8220;on|desktop&#8220;]<\/p>\n<p>Dokonal\u00e1 ovladatelnost vych\u00e1z\u00ed z fin\u00e1ln\u00edho nastaven\u00ed cel\u00e9ho podvozku i geometrie p\u0159\u00edmo pro konkr\u00e9tn\u00edho \u0159idi\u010de.<\/p>\n<p>[\/et_pb_blurb][\/et_pb_column][\/et_pb_row][\/et_pb_section][et_pb_section fb_built=&#8220;1&#8243; disabled_on=&#8220;off|off|off&#8220; _builder_version=&#8220;4.22.1&#8243; _module_preset=&#8220;default&#8220; custom_padding=&#8220;50px||0px||false|false&#8220; global_colors_info=&#8220;{}&#8220;][et_pb_row column_structure=&#8220;1_3,1_3,1_3&#8243; make_equal=&#8220;on&#8220; _builder_version=&#8220;4.22.1&#8243; _module_preset=&#8220;default&#8220; width=&#8220;85%&#8220; max_width=&#8220;2520px&#8220; global_colors_info=&#8220;{}&#8220;][et_pb_column type=&#8220;1_3&#8243; disabled_on=&#8220;on|on|off&#8220; _builder_version=&#8220;4.22.1&#8243; _module_preset=&#8220;default&#8220; vertical_offset=&#8220;-50px&#8220; vertical_offset_tablet=&#8220;0px&#8220; vertical_offset_phone=&#8220;0px&#8220; vertical_offset_last_edited=&#8220;on|phone&#8220; global_colors_info=&#8220;{}&#8220;][et_pb_image src=&#8220;https:\/\/depocarsandcoffee.cz\/wp-content\/uploads\/2023\/12\/IMG_5173.jpg&#8220; title_text=&#8220;IMG_5173&#8243; _builder_version=&#8220;4.23.4&#8243; _module_preset=&#8220;default&#8220; scroll_vertical_motion_enable=&#8220;on&#8220; scroll_vertical_motion=&#8220;40|50|50|60|0.25|0|-0.25&#8243; scroll_vertical_motion_tablet=&#8220;35|50|50|65|0.5|0|-0.5&#8243; scroll_vertical_motion_phone=&#8220;35|50|50|65|0.5|0|-0.5&#8243; scroll_vertical_motion_last_edited=&#8220;on|phone&#8220; border_radii=&#8220;on|20px|20px|20px|20px&#8220; box_shadow_style=&#8220;preset2&#8243; box_shadow_color=&#8220;rgba(0,0,0,0.1)&#8220; global_colors_info=&#8220;{}&#8220;][\/et_pb_image][\/et_pb_column][et_pb_column type=&#8220;1_3&#8243; _builder_version=&#8220;4.22.1&#8243; _module_preset=&#8220;default&#8220; vertical_offset=&#8220;-60px&#8220; global_colors_info=&#8220;{}&#8220;][et_pb_image src=&#8220;https:\/\/depocarsandcoffee.cz\/wp-content\/uploads\/2023\/12\/IMG_4199.jpg&#8220; title_text=&#8220;IMG_4199&#8243; _builder_version=&#8220;4.23.4&#8243; _module_preset=&#8220;default&#8220; scroll_vertical_motion_enable=&#8220;on&#8220; scroll_vertical_motion=&#8220;40|50|50|60|-0.25|0|0.25&#8243; border_radii=&#8220;on|20px|20px|20px|20px&#8220; box_shadow_style=&#8220;preset2&#8243; box_shadow_color=&#8220;rgba(0,0,0,0.1)&#8220; global_colors_info=&#8220;{}&#8220;][\/et_pb_image][\/et_pb_column][et_pb_column type=&#8220;1_3&#8243; disabled_on=&#8220;on|on|off&#8220; _builder_version=&#8220;4.22.1&#8243; _module_preset=&#8220;default&#8220; vertical_offset=&#8220;-50px&#8220; vertical_offset_tablet=&#8220;0px&#8220; vertical_offset_phone=&#8220;0px&#8220; vertical_offset_last_edited=&#8220;on|phone&#8220; global_colors_info=&#8220;{}&#8220;][et_pb_image src=&#8220;https:\/\/depocarsandcoffee.cz\/wp-content\/uploads\/2023\/12\/IMG_5097.jpg&#8220; title_text=&#8220;IMG_5097&#8243; _builder_version=&#8220;4.23.4&#8243; _module_preset=&#8220;default&#8220; scroll_vertical_motion_enable=&#8220;on&#8220; scroll_vertical_motion=&#8220;40|50|50|60|0.25|0|-0.25&#8243; border_radii=&#8220;on|20px|20px|20px|20px&#8220; box_shadow_style=&#8220;preset2&#8243; box_shadow_color=&#8220;rgba(0,0,0,0.1)&#8220; global_colors_info=&#8220;{}&#8220;][\/et_pb_image][\/et_pb_column][\/et_pb_row][\/et_pb_section][et_pb_section fb_built=&#8220;1&#8243; module_id=&#8220;sluzby_serv&#8220; _builder_version=&#8220;4.20.0&#8243; _module_preset=&#8220;default&#8220; global_colors_info=&#8220;{}&#8220;][et_pb_row _builder_version=&#8220;4.20.0&#8243; _module_preset=&#8220;default&#8220; locked=&#8220;off&#8220; global_colors_info=&#8220;{}&#8220;][et_pb_column type=&#8220;4_4&#8243; _builder_version=&#8220;4.20.0&#8243; _module_preset=&#8220;default&#8220; custom_padding=&#8220;|25px|||false|false&#8220; border_color_right=&#8220;rgba(139,134,128,0.23)&#8220; global_colors_info=&#8220;{}&#8220;][et_pb_text ul_type=&#8220;circle&#8220; ul_item_indent=&#8220;30px&#8220; _builder_version=&#8220;4.23&#8243; _module_preset=&#8220;default&#8220; text_font_size=&#8220;17px&#8220; text_line_height=&#8220;1.8em&#8220; ul_font_size=&#8220;17px&#8220; ul_line_height=&#8220;2.3em&#8220; header_font=&#8220;|800|||||||&#8220; header_text_align=&#8220;left&#8220; header_font_size=&#8220;35px&#8220; header_letter_spacing=&#8220;1px&#8220; header_line_height=&#8220;1.4em&#8220; locked=&#8220;off&#8220; global_colors_info=&#8220;{}&#8220;]<\/p>\n<h1>Detaily slu\u017eby<\/h1>\n<p>Pozor na v\u00fdb\u011br toho spr\u00e1vn\u00e9ho podvozku. V\u017edy si p\u0159ed n\u00e1kupem nechte poradit od odborn\u00edk\u016f. Ne v\u017edy toti\u017e mus\u00ed platit, \u017ee ta nejdra\u017e\u0161\u00ed z\u00e1vodn\u00ed varianta tlumi\u010d\u016f bude ta spr\u00e1vn\u00e1 pro va\u0161e auto. Ka\u017ed\u00e9 profesion\u00e1ln\u00ed podvozkov\u00e9 komponenty jsou vyrobeny s jasn\u00fdm zam\u011b\u0159en\u00edm a podl\u00e9haj\u00ed relativn\u011b rychl\u00e9mu opot\u0159eben\u00ed, tedy jsou nutn\u00e9 \u010dast\u00e9 repase nebo v\u00fdm\u011bny. Nicm\u00e9n\u011b pravideln\u00fd servis plat\u00ed i pro OEM komponenty a tlumi\u010de rad\u00edme m\u011bnit v z\u00e1sad\u011b v\u017edy maxim\u00e1ln\u011b po 80 tis\u00edc\u00edch kilometrech b\u011b\u017en\u00e9ho silni\u010dn\u00edho pou\u017e\u00edv\u00e1n\u00ed.<\/p>\n<p>&nbsp;<\/p>\n<p>[\/et_pb_text][\/et_pb_column][\/et_pb_row][\/et_pb_section]<\/p>\n","protected":false},"excerpt":{"rendered":"<p>Ceny na vy\u017e\u00e1d\u00e1n\u00edNab\u00edz\u00edme Pokud chcete sv\u00e9 auto posunout na vy\u0161\u0161\u00ed level nebo jen p\u0159izp\u016fsobit sv\u00e9mu j\u00edzdn\u00edmu stylu, bude pravd\u011bpodobn\u011b v\u00fdm\u011bna pru\u017ein a tlumi\u010d\u016f jednou z prvn\u00edch mechanick\u00fdch \u00faprav. P\u0159ipravte se na to, \u017ee v oblasti podvozku nefunguj\u00ed kompromisy. Bu\u010fto je auto skv\u011bl\u00e9 na silnici, nebo na z\u00e1vodn\u00edm okruhu. Jednodu\u0161e nem\u016f\u017ee fungovat okruhov\u011b nastaven\u00fd podvozek s [&hellip;]<\/p>\n","protected":false},"author":1,"featured_media":242526,"parent":241941,"menu_order":0,"comment_status":"closed","ping_status":"closed","template":"","meta":{"_et_pb_use_builder":"on","_et_pb_old_content":"","_et_gb_content_width":"","footnotes":""},"class_list":["post-242298","page","type-page","status-publish","has-post-thumbnail","hentry"],"yoast_head":"<!-- This site is optimized with the Yoast SEO plugin v27.0 - https:\/\/yoast.com\/product\/yoast-seo-wordpress\/ -->\n<title>PODVOZKOV\u00c9 SYST\u00c9MY - DEPO Cars &amp; Coffee<\/title>\n<meta name=\"robots\" content=\"index, follow, max-snippet:-1, max-image-preview:large, max-video-preview:-1\" \/>\n<link rel=\"canonical\" href=\"https:\/\/depocarsandcoffee.cz\/en\/performance\/podvozkove-systemy\/\" \/>\n<meta property=\"og:locale\" content=\"en_US\" \/>\n<meta property=\"og:type\" content=\"article\" \/>\n<meta property=\"og:title\" content=\"PODVOZKOV\u00c9 SYST\u00c9MY - DEPO Cars &amp; Coffee\" \/>\n<meta property=\"og:description\" content=\"Ceny na vy\u017e\u00e1d\u00e1n\u00edNab\u00edz\u00edme Pokud chcete sv\u00e9 auto posunout na vy\u0161\u0161\u00ed level nebo jen p\u0159izp\u016fsobit sv\u00e9mu j\u00edzdn\u00edmu stylu, bude pravd\u011bpodobn\u011b v\u00fdm\u011bna pru\u017ein a tlumi\u010d\u016f jednou z prvn\u00edch mechanick\u00fdch \u00faprav. P\u0159ipravte se na to, \u017ee v oblasti podvozku nefunguj\u00ed kompromisy. Bu\u010fto je auto skv\u011bl\u00e9 na silnici, nebo na z\u00e1vodn\u00edm okruhu. Jednodu\u0161e nem\u016f\u017ee fungovat okruhov\u011b nastaven\u00fd podvozek s [&hellip;]\" \/>\n<meta property=\"og:url\" content=\"https:\/\/depocarsandcoffee.cz\/en\/performance\/podvozkove-systemy\/\" \/>\n<meta property=\"og:site_name\" content=\"DEPO Cars &amp; Coffee\" \/>\n<meta property=\"article:modified_time\" content=\"2023-12-31T18:09:48+00:00\" \/>\n<meta property=\"og:image\" content=\"https:\/\/depocarsandcoffee.cz\/wp-content\/uploads\/2023\/12\/Mask-Group-27.jpg\" \/>\n\t<meta property=\"og:image:width\" content=\"1500\" \/>\n\t<meta property=\"og:image:height\" content=\"1000\" \/>\n\t<meta property=\"og:image:type\" content=\"image\/jpeg\" \/>\n<meta name=\"twitter:card\" content=\"summary_large_image\" \/>\n<meta name=\"twitter:label1\" content=\"Est. reading time\" \/>\n\t<meta name=\"twitter:data1\" content=\"7 minutes\" \/>\n<script type=\"application\/ld+json\" class=\"yoast-schema-graph\">{\"@context\":\"https:\/\/schema.org\",\"@graph\":[{\"@type\":\"WebPage\",\"@id\":\"https:\/\/depocarsandcoffee.cz\/performance\/podvozkove-systemy\/\",\"url\":\"https:\/\/depocarsandcoffee.cz\/performance\/podvozkove-systemy\/\",\"name\":\"PODVOZKOV\u00c9 SYST\u00c9MY - DEPO Cars &amp; Coffee\",\"isPartOf\":{\"@id\":\"https:\/\/depocarsandcoffee.cz\/#website\"},\"primaryImageOfPage\":{\"@id\":\"https:\/\/depocarsandcoffee.cz\/performance\/podvozkove-systemy\/#primaryimage\"},\"image\":{\"@id\":\"https:\/\/depocarsandcoffee.cz\/performance\/podvozkove-systemy\/#primaryimage\"},\"thumbnailUrl\":\"https:\/\/depocarsandcoffee.cz\/wp-content\/uploads\/2023\/12\/Mask-Group-27.jpg\",\"datePublished\":\"2023-12-02T10:01:52+00:00\",\"dateModified\":\"2023-12-31T18:09:48+00:00\",\"breadcrumb\":{\"@id\":\"https:\/\/depocarsandcoffee.cz\/performance\/podvozkove-systemy\/#breadcrumb\"},\"inLanguage\":\"en-US\",\"potentialAction\":[{\"@type\":\"ReadAction\",\"target\":[\"https:\/\/depocarsandcoffee.cz\/performance\/podvozkove-systemy\/\"]}]},{\"@type\":\"ImageObject\",\"inLanguage\":\"en-US\",\"@id\":\"https:\/\/depocarsandcoffee.cz\/performance\/podvozkove-systemy\/#primaryimage\",\"url\":\"https:\/\/depocarsandcoffee.cz\/wp-content\/uploads\/2023\/12\/Mask-Group-27.jpg\",\"contentUrl\":\"https:\/\/depocarsandcoffee.cz\/wp-content\/uploads\/2023\/12\/Mask-Group-27.jpg\",\"width\":1500,\"height\":1000},{\"@type\":\"BreadcrumbList\",\"@id\":\"https:\/\/depocarsandcoffee.cz\/performance\/podvozkove-systemy\/#breadcrumb\",\"itemListElement\":[{\"@type\":\"ListItem\",\"position\":1,\"name\":\"Home\",\"item\":\"https:\/\/depocarsandcoffee.cz\/\"},{\"@type\":\"ListItem\",\"position\":2,\"name\":\"Performance\",\"item\":\"https:\/\/depocarsandcoffee.cz\/performance\/\"},{\"@type\":\"ListItem\",\"position\":3,\"name\":\"PODVOZKOV\u00c9 SYST\u00c9MY\"}]},{\"@type\":\"WebSite\",\"@id\":\"https:\/\/depocarsandcoffee.cz\/#website\",\"url\":\"https:\/\/depocarsandcoffee.cz\/\",\"name\":\"DEPO Cars & Coffee\",\"description\":\"Your one stop for everything cars.\",\"publisher\":{\"@id\":\"https:\/\/depocarsandcoffee.cz\/#organization\"},\"potentialAction\":[{\"@type\":\"SearchAction\",\"target\":{\"@type\":\"EntryPoint\",\"urlTemplate\":\"https:\/\/depocarsandcoffee.cz\/?s={search_term_string}\"},\"query-input\":{\"@type\":\"PropertyValueSpecification\",\"valueRequired\":true,\"valueName\":\"search_term_string\"}}],\"inLanguage\":\"en-US\"},{\"@type\":\"Organization\",\"@id\":\"https:\/\/depocarsandcoffee.cz\/#organization\",\"name\":\"DEPO Cars & Coffee\",\"url\":\"https:\/\/depocarsandcoffee.cz\/\",\"logo\":{\"@type\":\"ImageObject\",\"inLanguage\":\"en-US\",\"@id\":\"https:\/\/depocarsandcoffee.cz\/#\/schema\/logo\/image\/\",\"url\":\"https:\/\/depocarsandcoffee.cz\/wp-content\/uploads\/2023\/01\/Primarni-logo@2x.png\",\"contentUrl\":\"https:\/\/depocarsandcoffee.cz\/wp-content\/uploads\/2023\/01\/Primarni-logo@2x.png\",\"width\":409,\"height\":409,\"caption\":\"DEPO Cars & Coffee\"},\"image\":{\"@id\":\"https:\/\/depocarsandcoffee.cz\/#\/schema\/logo\/image\/\"},\"sameAs\":[\"http:\/\/instagram.com\/depocarscoffee\",\"https:\/\/www.youtube.com\/channel\/UC21C7JYLMp2jwrSVcU3cbPg\"]}]}<\/script>\n<!-- \/ Yoast SEO plugin. -->","yoast_head_json":{"title":"PODVOZKOV\u00c9 SYST\u00c9MY - DEPO Cars &amp; Coffee","robots":{"index":"index","follow":"follow","max-snippet":"max-snippet:-1","max-image-preview":"max-image-preview:large","max-video-preview":"max-video-preview:-1"},"canonical":"https:\/\/depocarsandcoffee.cz\/en\/performance\/podvozkove-systemy\/","og_locale":"en_US","og_type":"article","og_title":"PODVOZKOV\u00c9 SYST\u00c9MY - DEPO Cars &amp; Coffee","og_description":"Ceny na vy\u017e\u00e1d\u00e1n\u00edNab\u00edz\u00edme Pokud chcete sv\u00e9 auto posunout na vy\u0161\u0161\u00ed level nebo jen p\u0159izp\u016fsobit sv\u00e9mu j\u00edzdn\u00edmu stylu, bude pravd\u011bpodobn\u011b v\u00fdm\u011bna pru\u017ein a tlumi\u010d\u016f jednou z prvn\u00edch mechanick\u00fdch \u00faprav. P\u0159ipravte se na to, \u017ee v oblasti podvozku nefunguj\u00ed kompromisy. Bu\u010fto je auto skv\u011bl\u00e9 na silnici, nebo na z\u00e1vodn\u00edm okruhu. Jednodu\u0161e nem\u016f\u017ee fungovat okruhov\u011b nastaven\u00fd podvozek s [&hellip;]","og_url":"https:\/\/depocarsandcoffee.cz\/en\/performance\/podvozkove-systemy\/","og_site_name":"DEPO Cars &amp; Coffee","article_modified_time":"2023-12-31T18:09:48+00:00","og_image":[{"width":1500,"height":1000,"url":"https:\/\/depocarsandcoffee.cz\/wp-content\/uploads\/2023\/12\/Mask-Group-27.jpg","type":"image\/jpeg"}],"twitter_card":"summary_large_image","twitter_misc":{"Est. reading time":"7 minutes"},"schema":{"@context":"https:\/\/schema.org","@graph":[{"@type":"WebPage","@id":"https:\/\/depocarsandcoffee.cz\/performance\/podvozkove-systemy\/","url":"https:\/\/depocarsandcoffee.cz\/performance\/podvozkove-systemy\/","name":"PODVOZKOV\u00c9 SYST\u00c9MY - DEPO Cars &amp; Coffee","isPartOf":{"@id":"https:\/\/depocarsandcoffee.cz\/#website"},"primaryImageOfPage":{"@id":"https:\/\/depocarsandcoffee.cz\/performance\/podvozkove-systemy\/#primaryimage"},"image":{"@id":"https:\/\/depocarsandcoffee.cz\/performance\/podvozkove-systemy\/#primaryimage"},"thumbnailUrl":"https:\/\/depocarsandcoffee.cz\/wp-content\/uploads\/2023\/12\/Mask-Group-27.jpg","datePublished":"2023-12-02T10:01:52+00:00","dateModified":"2023-12-31T18:09:48+00:00","breadcrumb":{"@id":"https:\/\/depocarsandcoffee.cz\/performance\/podvozkove-systemy\/#breadcrumb"},"inLanguage":"en-US","potentialAction":[{"@type":"ReadAction","target":["https:\/\/depocarsandcoffee.cz\/performance\/podvozkove-systemy\/"]}]},{"@type":"ImageObject","inLanguage":"en-US","@id":"https:\/\/depocarsandcoffee.cz\/performance\/podvozkove-systemy\/#primaryimage","url":"https:\/\/depocarsandcoffee.cz\/wp-content\/uploads\/2023\/12\/Mask-Group-27.jpg","contentUrl":"https:\/\/depocarsandcoffee.cz\/wp-content\/uploads\/2023\/12\/Mask-Group-27.jpg","width":1500,"height":1000},{"@type":"BreadcrumbList","@id":"https:\/\/depocarsandcoffee.cz\/performance\/podvozkove-systemy\/#breadcrumb","itemListElement":[{"@type":"ListItem","position":1,"name":"Home","item":"https:\/\/depocarsandcoffee.cz\/"},{"@type":"ListItem","position":2,"name":"Performance","item":"https:\/\/depocarsandcoffee.cz\/performance\/"},{"@type":"ListItem","position":3,"name":"PODVOZKOV\u00c9 SYST\u00c9MY"}]},{"@type":"WebSite","@id":"https:\/\/depocarsandcoffee.cz\/#website","url":"https:\/\/depocarsandcoffee.cz\/","name":"DEPO Cars & Coffee","description":"Your one stop for everything cars.","publisher":{"@id":"https:\/\/depocarsandcoffee.cz\/#organization"},"potentialAction":[{"@type":"SearchAction","target":{"@type":"EntryPoint","urlTemplate":"https:\/\/depocarsandcoffee.cz\/?s={search_term_string}"},"query-input":{"@type":"PropertyValueSpecification","valueRequired":true,"valueName":"search_term_string"}}],"inLanguage":"en-US"},{"@type":"Organization","@id":"https:\/\/depocarsandcoffee.cz\/#organization","name":"DEPO Cars & Coffee","url":"https:\/\/depocarsandcoffee.cz\/","logo":{"@type":"ImageObject","inLanguage":"en-US","@id":"https:\/\/depocarsandcoffee.cz\/#\/schema\/logo\/image\/","url":"https:\/\/depocarsandcoffee.cz\/wp-content\/uploads\/2023\/01\/Primarni-logo@2x.png","contentUrl":"https:\/\/depocarsandcoffee.cz\/wp-content\/uploads\/2023\/01\/Primarni-logo@2x.png","width":409,"height":409,"caption":"DEPO Cars & Coffee"},"image":{"@id":"https:\/\/depocarsandcoffee.cz\/#\/schema\/logo\/image\/"},"sameAs":["http:\/\/instagram.com\/depocarscoffee","https:\/\/www.youtube.com\/channel\/UC21C7JYLMp2jwrSVcU3cbPg"]}]}},"_links":{"self":[{"href":"https:\/\/depocarsandcoffee.cz\/en\/wp-json\/wp\/v2\/pages\/242298","targetHints":{"allow":["GET"]}}],"collection":[{"href":"https:\/\/depocarsandcoffee.cz\/en\/wp-json\/wp\/v2\/pages"}],"about":[{"href":"https:\/\/depocarsandcoffee.cz\/en\/wp-json\/wp\/v2\/types\/page"}],"author":[{"embeddable":true,"href":"https:\/\/depocarsandcoffee.cz\/en\/wp-json\/wp\/v2\/users\/1"}],"replies":[{"embeddable":true,"href":"https:\/\/depocarsandcoffee.cz\/en\/wp-json\/wp\/v2\/comments?post=242298"}],"version-history":[{"count":7,"href":"https:\/\/depocarsandcoffee.cz\/en\/wp-json\/wp\/v2\/pages\/242298\/revisions"}],"predecessor-version":[{"id":242611,"href":"https:\/\/depocarsandcoffee.cz\/en\/wp-json\/wp\/v2\/pages\/242298\/revisions\/242611"}],"up":[{"embeddable":true,"href":"https:\/\/depocarsandcoffee.cz\/en\/wp-json\/wp\/v2\/pages\/241941"}],"wp:featuredmedia":[{"embeddable":true,"href":"https:\/\/depocarsandcoffee.cz\/en\/wp-json\/wp\/v2\/media\/242526"}],"wp:attachment":[{"href":"https:\/\/depocarsandcoffee.cz\/en\/wp-json\/wp\/v2\/media?parent=242298"}],"curies":[{"name":"wp","href":"https:\/\/api.w.org\/{rel}","templated":true}]}}